{"id":3013,"date":"2022-08-16T14:59:05","date_gmt":"2022-08-16T14:59:05","guid":{"rendered":"https:\/\/www.rcpfm.com\/?page_id=3013"},"modified":"2025-04-28T23:06:57","modified_gmt":"2025-04-28T23:06:57","slug":"programacao","status":"publish","type":"page","link":"https:\/\/www.rcpfm.com\/?page_id=3013","title":{"rendered":"Programa\u00e7\u00e3o"},"content":{"rendered":"\t\t<div data-elementor-type=\"wp-page\" data-elementor-id=\"3013\" class=\"elementor elementor-3013\">\n\t\t\t\t\t\t<section class=\"elementor-section elementor-top-section elementor-element elementor-element-2b89cbc4 elementor-section-boxed elementor-section-height-default elementor-section-height-default wpr-particle-no wpr-jarallax-no wpr-parallax-no wpr-sticky-section-no\" data-id=\"2b89cbc4\" data-element_type=\"section\">\n\t\t\t\t\t\t<div class=\"elementor-container elementor-column-gap-default\">\n\t\t\t\t\t<div class=\"elementor-column elementor-col-100 elementor-top-column elementor-element elementor-element-28355476\" data-id=\"28355476\" data-element_type=\"column\">\n\t\t\t<div class=\"elementor-widget-wrap elementor-element-populated\">\n\t\t\t\t\t\t<div class=\"elementor-element elementor-element-15ae5d35 elementor-widget elementor-widget-text-editor\" data-id=\"15ae5d35\" data-element_type=\"widget\" data-widget_type=\"text-editor.default\">\n\t\t\t\t<div class=\"elementor-widget-container\">\n\t\t\t\t\t\t\t\t\t<p><span style=\"color: #993366;\"><strong>Programa\u00e7\u00e3o semanal<\/strong><\/span><\/p>\n<p><span style=\"color: #ff0000;\"><strong><em>De Segunda a Sexta-feira<\/em><\/strong><\/span><\/p>\n<h6><span style=\"font-weight: normal;\">00:00 \u00e0 01:00<\/span><br><b style=\"font-family: inherit; font-style: inherit; color: var( --e-global-color-text );\"><span style=\"font-family: Roboto, sans-serif; font-size: 16px;\"><i>Camara Lenta<\/i><\/span><span style=\"font-family: Roboto, sans-serif; font-size: 16px; font-style: normal;\"> &#8211; com Lena Gomes<br><\/span><\/b><span style=\"font-size: 16px; color: var( --e-global-color-text ); font-weight: normal;\">(<\/span><span style=\"font-family: Roboto, sans-serif; font-size: 16px; font-style: normal; font-weight: 400; color: var( --e-global-color-text );\">Sexta-feira:&nbsp;<\/span><span style=\"font-size: 16px; color: var( --e-global-color-text );\"><b><i>Penedo da Saudade<\/i>&nbsp;<i>&#8211; o melhor da Can\u00e7\u00e3o de Coimbra<\/i><\/b><span style=\"font-weight: normal;\">)<\/span><\/span><\/h6>\n<p>01:00 \u00e0s 02:00<br><i><b>Indie Frente<\/b><\/i><\/p>\n<p>02:00 \u00e0s 6:00<br><i><b>Madrugadas 9.2.6<\/b><\/i><\/p>\n<p>06:00 \u00e0s 08:00<br><b><i>C\u00e1 se Fazem, C\u00e1 Se Tocam<\/i> <i>&#8211; O melhor da M\u00fasica Portuguesa<\/i><\/b><\/p>\n<p>08:00 \u00e0s 10:00<br><b><i>Sons da Manh\u00e3<\/i> &#8211; M\u00fasica, Informa\u00e7\u00e3o e Curiosidades &#8211; com Daniel Vieira<\/b><\/p>\n<p>09:00<br>Notici\u00e1rio Regional<\/p>\n<p>09:30<br>News Flash + Meteo<\/p>\n<p>10:00 as 12:00<br><b><i>Vitamina PT&nbsp;<\/i><\/b><i style=\"font-weight: bold; color: var( --e-global-color-text );\">&#8211; <\/i><b style=\"font-family: inherit; font-style: inherit; color: var( --e-global-color-text );\">com Rui Cardoso<\/b><\/p>\n<p><span style=\"font-family: inherit; font-style: inherit; color: var( --e-global-color-text );\">11:30<br>Meteo<\/span><\/p>\n<p>12:00<br>Notici\u00e1rio Regional<\/p>\n<p>12:00 \u00e0s 15:00<br><i><b>Bom Apetite<\/b><\/i><\/p>\n<p>12:30<br>News Flash<\/p>\n<p><span style=\"font-family: Roboto, sans-serif; font-size: 16px; font-style: normal; font-weight: 400;\">13:30<\/span><br><span style=\"font-family: Roboto, sans-serif; font-size: 16px; font-style: normal; font-weight: 400;\">Meteo<\/span><\/p>\n<p>15:00<br>Notici\u00e1rio Regional<\/p>\n<p>15:00 \u00e0s 17:00<br><b><i>Tarde Viva<\/i> &#8211; com Agostinho Bizarro<\/b><\/p>\n<p>15:30<br>News Flash + Meteo<\/p>\n<p>17:00 \u00e0s 19:00<br><b><i>Sunset<\/i> &#8211; com&nbsp;Jorge Paiva<\/b><\/p>\n<p><span style=\"font-family: Roboto, sans-serif; font-size: 16px; font-style: normal; font-weight: 400;\">18:30<\/span><br><span style=\"font-family: Roboto, sans-serif; font-size: 16px; font-style: normal; font-weight: 400;\">Meteo<\/span><b><br><\/b><\/p>\n<p>19:00 \u00e0s 20:00<br><i><b>Ecl\u00e9tico <\/b><\/i><b>&#8211; com Lu\u00eds Melga<\/b><\/p>\n<p>20:00<br>Notici\u00e1rio Regional<\/p>\n<p>20:00 \u00e0s 21:00<br><i><b>Sess\u00e3o Alternativa<\/b><\/i><\/p>\n<p>21:00 \u00e0s 22:00<br><i><b>Musica com Alma<\/b><\/i><\/p>\n<p>22:00 \u00e0s 24:00<br><b><span style=\"font-family: Roboto, sans-serif; font-size: 16px;\"><i>Camara Lenta<\/i><\/span><span style=\"font-family: Roboto, sans-serif; font-size: 16px; font-style: normal;\"> &#8211; com Lena Gomes<\/span>&nbsp;<\/b><br><span style=\"font-size: 16px; color: var( --e-global-color-text );\">(<\/span><span style=\"font-family: Roboto, sans-serif; font-size: 16px; font-style: normal; font-weight: 400; color: var( --e-global-color-text );\">Sexta-feira:&nbsp;<\/span><span style=\"font-size: 16px; color: var( --e-global-color-text );\"><b><i>Ba\u00fa 9.2.6<\/i> &#8211; com Magda Bonif\u00e1cio<\/b>)<\/span><\/p>\n<p><strong><span style=\"color: #ff0000;\"><em>S\u00e1bado<\/em><\/span><\/strong><\/p>\n<p>00:00 \u00e0 01:00<br><i><b>DJ Ulisse Dapa sessions<\/b><\/i><\/p>\n<p>01:00 \u00e0s 02:00<br><i><b>Altern\u00e2ncias<\/b><\/i><\/p>\n<p>02:00 \u00e0s 06:00<br><i><b>Madrugadas 9.2.6<\/b><\/i><\/p>\n<p>06:00 \u00e0s 08:00<br><b><i>C\u00e1 se Fazem, C\u00e1 Se Tocam<\/i> &#8211; O melhor da M\u00fasica Portuguesa<\/b><\/p>\n<p>08:00 \u00e0s 10:00<br><b><i>Legendado em Portugu\u00eas<\/i> &#8211; com Rui Cardoso<\/b><\/p>\n<p>09:00<br>Notici\u00e1rio Regional + Meteo<\/p>\n<p>10:00 \u00e0s 12:00<br><b><i>Clube Megahertz <\/i>&#8211; com Daniel Vieira<\/b><\/p>\n<p>12:00<br>Notici\u00e1rio Regional + Meteo<\/p>\n<p>12:00&nbsp; \u00e0s 14:00<br><i><b>Bom Apetite<\/b><\/i><\/p>\n<p>14:00 \u00e0s 15:00<br><b><i>AB Play<\/i> &#8211; com Agostinho Bizarro<\/b><\/p>\n<p>15:00<br>Notici\u00e1rio Regional + Meteo<\/p>\n<p>15:00 \u00e0s 16:00<br><span style=\"font-weight: bold; font-family: Roboto, sans-serif; font-size: 16px; font-style: normal;\"><i>Top +<\/i><\/span><\/p>\n<p><span style=\"font-family: Roboto, sans-serif; font-size: 16px;\">16:00 \u00e0s 17:00<br><\/span><i style=\"font-family: inherit; color: var( --e-global-color-text ); font-weight: bold;\">Top Country<\/i><span style=\"font-family: Roboto, sans-serif; font-size: 16px; font-style: normal; color: var( --e-global-color-text ); font-weight: bold;\">&nbsp;<\/span><\/p>\n<p>17:00 \u00e0s 19:00<br><span style=\"font-family: Roboto, sans-serif; font-size: 16px; color: var( --e-global-color-text );\"><b><i>Flashback &#8211;<\/i> com Daniel Vieira<\/b><\/span><\/p>\n<p>19:00 \u00e0s 20:00<br><i><b>+Novidades!<\/b><\/i><\/p>\n<p>20:00<br>Notici\u00e1rio Regional + Meteo<\/p>\n<p>20:00 \u00e0s 22:00<br><b><i>Expresso da Noite&nbsp;<\/i>&#8211; com Tony Dave<\/b><\/p>\n<p>22:00 \u00e0s 24:00<br><b><i>Noites de Fim de Semana<\/i> &#8211; com Jorge Paiva<\/b><\/p>\n<p><strong><span style=\"color: #ff0000;\"><em>Domingo<\/em><\/span><\/strong><\/p>\n<p>00:00 \u00e0 01:00<br><b><i>Puro Extenso<\/i> &#8211; com Carlos Didier<\/b><\/p>\n<p>01:00 \u00e0s 02:00<br><i><b>Altern\u00e2ncias<\/b><\/i><\/p>\n<p>02:00 \u00e0s 06:00<br><i><b>Madrugadas 9.2.6<\/b><\/i><\/p>\n<p>06:00 \u00e0s 08:00<br><b><i>Ponto de Encontro<\/i> &#8211; com Lena Gomes<\/b><\/p>\n<p>08:00 \u00e0s 09:00<br><b><i>Um Certo Oriente<\/i> &#8211; com Ant\u00f3nio Rodrigues<\/b><\/p>\n<p>09:00<br>Notici\u00e1rio Regional + Meteo<\/p>\n<p>09:00 \u00e0s 10:00<br><b><i>O Palco do Povo<\/i> &#8211; com Daniel Vieira<\/b><\/p>\n<p>10:00 \u00e0s 12:00<br><b><i>Ra\u00edzes do Brasil<\/i> &#8211; com Cl\u00e1udio Canad\u00e1<\/b><\/p>\n<p>12:00<br>Notici\u00e1rio Regional + Meteo<\/p>\n<p>12:00 \u00e0s 14:00<br><i><b>Bom Apetite<\/b><\/i><\/p>\n<p>14:00 \u00e0s 15:00<br><b><i>Tuga Mix<\/i> &#8211; com Lu\u00eds Carvalho<\/b><\/p>\n<p>15:00<br>Notici\u00e1rio Regional + Meteo<\/p>\n<p>15:00 \u00e0s 16:00<br><b><i>Cascais Garage <\/i>&#8211; com Cl\u00e1udio Silva<\/b><\/p>\n<p>16:00 \u00e0s 17:00<br><b><i>A Queda dos Anjos<\/i> &#8211; com Zavial<\/b><\/p>\n<p>17:00 \u00e0s 19:00<br><b><i>Clube 80<\/i> &#8211; com Lu\u00eds Ferr\u00e3o<\/b><\/p>\n<p>19:00 \u00e0s 20:00<br><i><b>+Novidades!<\/b><\/i><\/p>\n<p>20:00<br>Notici\u00e1rio Regional + Meteo<\/p>\n<p>20:00 \u00e0s 22:00<br><b><i>No Outro Lado do FM<\/i> &#8211; com Carlos Didier<\/b><\/p>\n<p>22:00 \u00e0s 24:00<br><b><i>Camara Lenta<\/i> &#8211; com Lena Gomes<\/b><\/p>\t\t\t\t\t\t\t\t<\/div>\n\t\t\t\t<\/div>\n\t\t\t\t\t<\/div>\n\t\t<\/div>\n\t\t\t\t\t<\/div>\n\t\t<\/section>\n\t\t\t\t<section class=\"elementor-section elementor-top-section elementor-element elementor-element-4a9e0b3 elementor-section-full_width elementor-section-height-default elementor-section-height-default wpr-particle-no wpr-jarallax-no wpr-parallax-no wpr-sticky-section-no\" data-id=\"4a9e0b3\" data-element_type=\"section\">\n\t\t\t\t\t\t<div class=\"elementor-container elementor-column-gap-default\">\n\t\t\t\t\t<div class=\"elementor-column elementor-col-100 elementor-top-column elementor-element elementor-element-868b3b1\" data-id=\"868b3b1\" data-element_type=\"column\">\n\t\t\t<div class=\"elementor-widget-wrap elementor-element-populated\">\n\t\t\t\t\t\t<div class=\"elementor-element elementor-element-1b2462f elementor-widget__width-inherit elementor-widget elementor-widget-image\" data-id=\"1b2462f\" data-element_type=\"widget\" data-widget_type=\"image.default\">\n\t\t\t\t<div class=\"elementor-widget-container\">\n\t\t\t\t\t\t\t\t\t\t\t\t\t\t\t<img fetchpriority=\"high\" decoding=\"async\" width=\"1112\" height=\"828\" src=\"https:\/\/www.rcpfm.com\/wp-content\/uploads\/2024\/10\/Grelha-RCP-2024-2.jpg\" class=\"attachment-1536x1536 size-1536x1536 wp-image-3670\" alt=\"\" srcset=\"https:\/\/www.rcpfm.com\/wp-content\/uploads\/2024\/10\/Grelha-RCP-2024-2.jpg 1112w, https:\/\/www.rcpfm.com\/wp-content\/uploads\/2024\/10\/Grelha-RCP-2024-2-300x223.jpg 300w, https:\/\/www.rcpfm.com\/wp-content\/uploads\/2024\/10\/Grelha-RCP-2024-2-1024x762.jpg 1024w, https:\/\/www.rcpfm.com\/wp-content\/uploads\/2024\/10\/Grelha-RCP-2024-2-768x572.jpg 768w\" sizes=\"(max-width: 1112px) 100vw, 1112px\" \/>\t\t\t\t\t\t\t\t\t\t\t\t\t\t\t<\/div>\n\t\t\t\t<\/div>\n\t\t\t\t\t<\/div>\n\t\t<\/div>\n\t\t\t\t\t<\/div>\n\t\t<\/section>\n\t\t\t\t<\/div>\n\t\t","protected":false},"excerpt":{"rendered":"<p>Programa\u00e7\u00e3o semanal De Segunda a Sexta-feira 00:00 \u00e0 01:00 Camara Lenta\u00a0 01:00 \u00e0s 02:00 Indie Frente 02:00 \u00e0s 06:00 Madrugadas 9.2.6\u00a0 06:00 \u00e0s 08:00 C\u00e1 se Fazem, C\u00e1 Se Tocam &#8211; O melhor da M\u00fasica Portuguesa 08:00 \u00e0s 10:00 Sons da Manh\u00e3\u00a0 09:00 Notici\u00e1rio Regional 10:00 as 12:00 Vitamina PT\u00a0 11:30 Meteo 12:00 Notici\u00e1rio Regional 12:00 \u00e0s 15:00 Bom Apetite 12:30 News Flash 13:30 Meteo 15:00 Notici\u00e1rio Regional 15:00 \u00e0s 17:00 Tarde Viva\u00a0 15:30 News Flash + Meteo 17:00 \u00e0s 19:00 Sunset &#8211; com\u00a0Jorge Paiva 18:30 Meteo 19:00 \u00e0s 21:00 Gera\u00e7\u00f5es 20:00 Notici\u00e1rio Regional 21:00 \u00e0s 22:00 Musica com Alma 22:00 \u00e0s 24:00 Camara Lenta\u00a0 (Sexta-feira:\u00a0Ba\u00fa 9.2.6 &#8211; com Magda Bonif\u00e1cio) S\u00e1bado 00:00 \u00e0 01:00 DJ Ulisse Dapa sessions 01:00 \u00e0s 02:00 Altern\u00e2ncias 02:00 \u00e0s 06:00 Madrugadas 9.2.6\u00a0 06:00 \u00e0s 08:00 C\u00e1 se Fazem, C\u00e1 Se Tocam &#8211; O melhor da M\u00fasica Portuguesa 08:00 \u00e0s 10:00 Playlist 09:00 Notici\u00e1rio Regional + Meteo 10:00 \u00e0s 12:00 Playlist 12:00 Notici\u00e1rio Regional + Meteo 12:00\u00a0 \u00e0s 14:00 Bom Apetite 14:00 \u00e0s 15:00 AB Play\u00a0 15:00 Notici\u00e1rio Regional + Meteo 15:00 \u00e0s 16:00 Top + 16:00 \u00e0s 17:00 Playlist 17:00 \u00e0s 19:00 Flashback 19:00 \u00e0s 20:00 +Novidades! 20:00 Notici\u00e1rio Regional + Meteo 20:00 \u00e0s 22:00 Expresso da Noite\u00a0&#8211; com Tony Dave 22:00 \u00e0s 24:00 Noites de Fim de Semana &#8211; com Jorge Paiva Domingo 00:00 \u00e0 01:00 Puro Extenso &#8211; com Carlos Didier 01:00 \u00e0s 02:00 Altern\u00e2ncias 02:00 \u00e0s 06:00 Madrugadas 9.2.6\u00a0 06:00 \u00e0s 08:00 Ponto de Encontro 08:00 \u00e0s 09:00 Um Certo Oriente &#8211; com Ant\u00f3nio Rodrigues 09:00 Notici\u00e1rio Regional + Meteo 09:00 \u00e0s 10:00 Playlist 10:00 \u00e0s 12:00 Ra\u00edzes do Brasil &#8211; com Cl\u00e1udio Canad\u00e1 12:00 Notici\u00e1rio Regional + Meteo 12:00 \u00e0s 14:00 Bom Apetite 14:00 \u00e0s 15:00 Playlist 15:00 Notici\u00e1rio Regional + Meteo 15:00 \u00e0s 16:00 Cascais Garage &#8211; com Cl\u00e1udio Silva 16:00 \u00e0s 17:00 A Queda dos Anjos &#8211; com Zavial 17:00 \u00e0s 19:00 Clube 80 &#8211; com Lu\u00eds Ferr\u00e3o 19:00 \u00e0s 20:00 +Novidades! 20:00 Notici\u00e1rio Regional + Meteo 20:00 \u00e0s 22:00 No Outro Lado do FM &#8211; com Carlos Didier 22:00 \u00e0s 24:00 Camara Lenta\u00a0 &nbsp;<\/p>\n","protected":false},"author":1,"featured_media":0,"parent":0,"menu_order":0,"comment_status":"closed","ping_status":"closed","template":"","meta":{"_regular_price":[],"currency_symbol":[],"_uag_custom_page_level_css":"","footnotes":""},"class_list":["post-3013","page","type-page","status-publish","hentry"],"post_slider_layout_featured_media_urls":{"thumbnail":"","post_slider_layout_landscape_large":"","post_slider_layout_portrait_large":"","post_slider_layout_square_large":"","post_slider_layout_landscape":"","post_slider_layout_portrait":"","post_slider_layout_square":"","full":""},"yoast_head":"<!-- This site is optimized with the Yoast SEO plugin v25.4 - https:\/\/yoast.com\/wordpress\/plugins\/seo\/ -->\n<title>Programa\u00e7\u00e3o - RCP - R\u00e1dio Clube da Pampilhosa, CRL<\/title>\n<meta name=\"robots\" content=\"index, follow, max-snippet:-1, max-image-preview:large, max-video-preview:-1\" \/>\n<link rel=\"canonical\" href=\"https:\/\/www.rcpfm.com\/?page_id=3013\" \/>\n<meta property=\"og:locale\" content=\"pt_PT\" \/>\n<meta property=\"og:type\" content=\"article\" \/>\n<meta property=\"og:title\" content=\"Programa\u00e7\u00e3o - RCP - R\u00e1dio Clube da Pampilhosa, CRL\" \/>\n<meta property=\"og:description\" content=\"Programa\u00e7\u00e3o semanal De Segunda a Sexta-feira 00:00 \u00e0 01:00 Camara Lenta\u00a0 01:00 \u00e0s 02:00 Indie Frente 02:00 \u00e0s 06:00 Madrugadas 9.2.6\u00a0 06:00 \u00e0s 08:00 C\u00e1 se Fazem, C\u00e1 Se Tocam &#8211; O melhor da M\u00fasica Portuguesa 08:00 \u00e0s 10:00 Sons da Manh\u00e3\u00a0 09:00 Notici\u00e1rio Regional 10:00 as 12:00 Vitamina PT\u00a0 11:30 Meteo 12:00 Notici\u00e1rio Regional 12:00 \u00e0s 15:00 Bom Apetite 12:30 News Flash 13:30 Meteo 15:00 Notici\u00e1rio Regional 15:00 \u00e0s 17:00 Tarde Viva\u00a0 15:30 News Flash + Meteo 17:00 \u00e0s 19:00 Sunset &#8211; com\u00a0Jorge Paiva 18:30 Meteo 19:00 \u00e0s 21:00 Gera\u00e7\u00f5es 20:00 Notici\u00e1rio Regional 21:00 \u00e0s 22:00 Musica com Alma 22:00 \u00e0s 24:00 Camara Lenta\u00a0 (Sexta-feira:\u00a0Ba\u00fa 9.2.6 &#8211; com Magda Bonif\u00e1cio) S\u00e1bado 00:00 \u00e0 01:00 DJ Ulisse Dapa sessions 01:00 \u00e0s 02:00 Altern\u00e2ncias 02:00 \u00e0s 06:00 Madrugadas 9.2.6\u00a0 06:00 \u00e0s 08:00 C\u00e1 se Fazem, C\u00e1 Se Tocam &#8211; O melhor da M\u00fasica Portuguesa 08:00 \u00e0s 10:00 Playlist 09:00 Notici\u00e1rio Regional + Meteo 10:00 \u00e0s 12:00 Playlist 12:00 Notici\u00e1rio Regional + Meteo 12:00\u00a0 \u00e0s 14:00 Bom Apetite 14:00 \u00e0s 15:00 AB Play\u00a0 15:00 Notici\u00e1rio Regional + Meteo 15:00 \u00e0s 16:00 Top + 16:00 \u00e0s 17:00 Playlist 17:00 \u00e0s 19:00 Flashback 19:00 \u00e0s 20:00 +Novidades! 20:00 Notici\u00e1rio Regional + Meteo 20:00 \u00e0s 22:00 Expresso da Noite\u00a0&#8211; com Tony Dave 22:00 \u00e0s 24:00 Noites de Fim de Semana &#8211; com Jorge Paiva Domingo 00:00 \u00e0 01:00 Puro Extenso &#8211; com Carlos Didier 01:00 \u00e0s 02:00 Altern\u00e2ncias 02:00 \u00e0s 06:00 Madrugadas 9.2.6\u00a0 06:00 \u00e0s 08:00 Ponto de Encontro 08:00 \u00e0s 09:00 Um Certo Oriente &#8211; com Ant\u00f3nio Rodrigues 09:00 Notici\u00e1rio Regional + Meteo 09:00 \u00e0s 10:00 Playlist 10:00 \u00e0s 12:00 Ra\u00edzes do Brasil &#8211; com Cl\u00e1udio Canad\u00e1 12:00 Notici\u00e1rio Regional + Meteo 12:00 \u00e0s 14:00 Bom Apetite 14:00 \u00e0s 15:00 Playlist 15:00 Notici\u00e1rio Regional + Meteo 15:00 \u00e0s 16:00 Cascais Garage &#8211; com Cl\u00e1udio Silva 16:00 \u00e0s 17:00 A Queda dos Anjos &#8211; com Zavial 17:00 \u00e0s 19:00 Clube 80 &#8211; com Lu\u00eds Ferr\u00e3o 19:00 \u00e0s 20:00 +Novidades! 20:00 Notici\u00e1rio Regional + Meteo 20:00 \u00e0s 22:00 No Outro Lado do FM &#8211; com Carlos Didier 22:00 \u00e0s 24:00 Camara Lenta\u00a0 &nbsp;\" \/>\n<meta property=\"og:url\" content=\"https:\/\/www.rcpfm.com\/?page_id=3013\" \/>\n<meta property=\"og:site_name\" content=\"RCP - R\u00e1dio Clube da Pampilhosa, CRL\" \/>\n<meta property=\"article:modified_time\" content=\"2025-04-28T23:06:57+00:00\" \/>\n<meta name=\"twitter:card\" content=\"summary_large_image\" \/>\n<meta name=\"twitter:label1\" content=\"Tempo estimado de leitura\" \/>\n\t<meta name=\"twitter:data1\" content=\"2 minutos\" \/>\n<script type=\"application\/ld+json\" class=\"yoast-schema-graph\">{\"@context\":\"https:\/\/schema.org\",\"@graph\":[{\"@type\":\"WebPage\",\"@id\":\"https:\/\/www.rcpfm.com\/?page_id=3013\",\"url\":\"https:\/\/www.rcpfm.com\/?page_id=3013\",\"name\":\"Programa\u00e7\u00e3o - RCP - R\u00e1dio Clube da Pampilhosa, CRL\",\"isPartOf\":{\"@id\":\"https:\/\/www.rcpfm.com\/#website\"},\"datePublished\":\"2022-08-16T14:59:05+00:00\",\"dateModified\":\"2025-04-28T23:06:57+00:00\",\"breadcrumb\":{\"@id\":\"https:\/\/www.rcpfm.com\/?page_id=3013#breadcrumb\"},\"inLanguage\":\"pt-PT\",\"potentialAction\":[{\"@type\":\"ReadAction\",\"target\":[\"https:\/\/www.rcpfm.com\/?page_id=3013\"]}]},{\"@type\":\"BreadcrumbList\",\"@id\":\"https:\/\/www.rcpfm.com\/?page_id=3013#breadcrumb\",\"itemListElement\":[{\"@type\":\"ListItem\",\"position\":1,\"name\":\"In\u00edcio\",\"item\":\"https:\/\/www.rcpfm.com\/\"},{\"@type\":\"ListItem\",\"position\":2,\"name\":\"Programa\u00e7\u00e3o\"}]},{\"@type\":\"WebSite\",\"@id\":\"https:\/\/www.rcpfm.com\/#website\",\"url\":\"https:\/\/www.rcpfm.com\/\",\"name\":\"RCP - R\u00e1dio Clube da Pampilhosa, CRL\",\"description\":\"\",\"publisher\":{\"@id\":\"https:\/\/www.rcpfm.com\/#organization\"},\"potentialAction\":[{\"@type\":\"SearchAction\",\"target\":{\"@type\":\"EntryPoint\",\"urlTemplate\":\"https:\/\/www.rcpfm.com\/?s={search_term_string}\"},\"query-input\":{\"@type\":\"PropertyValueSpecification\",\"valueRequired\":true,\"valueName\":\"search_term_string\"}}],\"inLanguage\":\"pt-PT\"},{\"@type\":\"Organization\",\"@id\":\"https:\/\/www.rcpfm.com\/#organization\",\"name\":\"RCP - R\u00e1dio Clube da Pampilhosa, CRL\",\"url\":\"https:\/\/www.rcpfm.com\/\",\"logo\":{\"@type\":\"ImageObject\",\"inLanguage\":\"pt-PT\",\"@id\":\"https:\/\/www.rcpfm.com\/#\/schema\/logo\/image\/\",\"url\":\"https:\/\/www.rcpfm.com\/wp-content\/uploads\/2022\/08\/cropped-My-project-100.png\",\"contentUrl\":\"https:\/\/www.rcpfm.com\/wp-content\/uploads\/2022\/08\/cropped-My-project-100.png\",\"width\":101,\"height\":50,\"caption\":\"RCP - R\u00e1dio Clube da Pampilhosa, CRL\"},\"image\":{\"@id\":\"https:\/\/www.rcpfm.com\/#\/schema\/logo\/image\/\"}}]}<\/script>\n<!-- \/ Yoast SEO plugin. -->","yoast_head_json":{"title":"Programa\u00e7\u00e3o - RCP - R\u00e1dio Clube da Pampilhosa, CRL","robots":{"index":"index","follow":"follow","max-snippet":"max-snippet:-1","max-image-preview":"max-image-preview:large","max-video-preview":"max-video-preview:-1"},"canonical":"https:\/\/www.rcpfm.com\/?page_id=3013","og_locale":"pt_PT","og_type":"article","og_title":"Programa\u00e7\u00e3o - RCP - R\u00e1dio Clube da Pampilhosa, CRL","og_description":"Programa\u00e7\u00e3o semanal De Segunda a Sexta-feira 00:00 \u00e0 01:00 Camara Lenta\u00a0 01:00 \u00e0s 02:00 Indie Frente 02:00 \u00e0s 06:00 Madrugadas 9.2.6\u00a0 06:00 \u00e0s 08:00 C\u00e1 se Fazem, C\u00e1 Se Tocam &#8211; O melhor da M\u00fasica Portuguesa 08:00 \u00e0s 10:00 Sons da Manh\u00e3\u00a0 09:00 Notici\u00e1rio Regional 10:00 as 12:00 Vitamina PT\u00a0 11:30 Meteo 12:00 Notici\u00e1rio Regional 12:00 \u00e0s 15:00 Bom Apetite 12:30 News Flash 13:30 Meteo 15:00 Notici\u00e1rio Regional 15:00 \u00e0s 17:00 Tarde Viva\u00a0 15:30 News Flash + Meteo 17:00 \u00e0s 19:00 Sunset &#8211; com\u00a0Jorge Paiva 18:30 Meteo 19:00 \u00e0s 21:00 Gera\u00e7\u00f5es 20:00 Notici\u00e1rio Regional 21:00 \u00e0s 22:00 Musica com Alma 22:00 \u00e0s 24:00 Camara Lenta\u00a0 (Sexta-feira:\u00a0Ba\u00fa 9.2.6 &#8211; com Magda Bonif\u00e1cio) S\u00e1bado 00:00 \u00e0 01:00 DJ Ulisse Dapa sessions 01:00 \u00e0s 02:00 Altern\u00e2ncias 02:00 \u00e0s 06:00 Madrugadas 9.2.6\u00a0 06:00 \u00e0s 08:00 C\u00e1 se Fazem, C\u00e1 Se Tocam &#8211; O melhor da M\u00fasica Portuguesa 08:00 \u00e0s 10:00 Playlist 09:00 Notici\u00e1rio Regional + Meteo 10:00 \u00e0s 12:00 Playlist 12:00 Notici\u00e1rio Regional + Meteo 12:00\u00a0 \u00e0s 14:00 Bom Apetite 14:00 \u00e0s 15:00 AB Play\u00a0 15:00 Notici\u00e1rio Regional + Meteo 15:00 \u00e0s 16:00 Top + 16:00 \u00e0s 17:00 Playlist 17:00 \u00e0s 19:00 Flashback 19:00 \u00e0s 20:00 +Novidades! 20:00 Notici\u00e1rio Regional + Meteo 20:00 \u00e0s 22:00 Expresso da Noite\u00a0&#8211; com Tony Dave 22:00 \u00e0s 24:00 Noites de Fim de Semana &#8211; com Jorge Paiva Domingo 00:00 \u00e0 01:00 Puro Extenso &#8211; com Carlos Didier 01:00 \u00e0s 02:00 Altern\u00e2ncias 02:00 \u00e0s 06:00 Madrugadas 9.2.6\u00a0 06:00 \u00e0s 08:00 Ponto de Encontro 08:00 \u00e0s 09:00 Um Certo Oriente &#8211; com Ant\u00f3nio Rodrigues 09:00 Notici\u00e1rio Regional + Meteo 09:00 \u00e0s 10:00 Playlist 10:00 \u00e0s 12:00 Ra\u00edzes do Brasil &#8211; com Cl\u00e1udio Canad\u00e1 12:00 Notici\u00e1rio Regional + Meteo 12:00 \u00e0s 14:00 Bom Apetite 14:00 \u00e0s 15:00 Playlist 15:00 Notici\u00e1rio Regional + Meteo 15:00 \u00e0s 16:00 Cascais Garage &#8211; com Cl\u00e1udio Silva 16:00 \u00e0s 17:00 A Queda dos Anjos &#8211; com Zavial 17:00 \u00e0s 19:00 Clube 80 &#8211; com Lu\u00eds Ferr\u00e3o 19:00 \u00e0s 20:00 +Novidades! 20:00 Notici\u00e1rio Regional + Meteo 20:00 \u00e0s 22:00 No Outro Lado do FM &#8211; com Carlos Didier 22:00 \u00e0s 24:00 Camara Lenta\u00a0 &nbsp;","og_url":"https:\/\/www.rcpfm.com\/?page_id=3013","og_site_name":"RCP - R\u00e1dio Clube da Pampilhosa, CRL","article_modified_time":"2025-04-28T23:06:57+00:00","twitter_card":"summary_large_image","twitter_misc":{"Tempo estimado de leitura":"2 minutos"},"schema":{"@context":"https:\/\/schema.org","@graph":[{"@type":"WebPage","@id":"https:\/\/www.rcpfm.com\/?page_id=3013","url":"https:\/\/www.rcpfm.com\/?page_id=3013","name":"Programa\u00e7\u00e3o - RCP - R\u00e1dio Clube da Pampilhosa, CRL","isPartOf":{"@id":"https:\/\/www.rcpfm.com\/#website"},"datePublished":"2022-08-16T14:59:05+00:00","dateModified":"2025-04-28T23:06:57+00:00","breadcrumb":{"@id":"https:\/\/www.rcpfm.com\/?page_id=3013#breadcrumb"},"inLanguage":"pt-PT","potentialAction":[{"@type":"ReadAction","target":["https:\/\/www.rcpfm.com\/?page_id=3013"]}]},{"@type":"BreadcrumbList","@id":"https:\/\/www.rcpfm.com\/?page_id=3013#breadcrumb","itemListElement":[{"@type":"ListItem","position":1,"name":"In\u00edcio","item":"https:\/\/www.rcpfm.com\/"},{"@type":"ListItem","position":2,"name":"Programa\u00e7\u00e3o"}]},{"@type":"WebSite","@id":"https:\/\/www.rcpfm.com\/#website","url":"https:\/\/www.rcpfm.com\/","name":"RCP - R\u00e1dio Clube da Pampilhosa, CRL","description":"","publisher":{"@id":"https:\/\/www.rcpfm.com\/#organization"},"potentialAction":[{"@type":"SearchAction","target":{"@type":"EntryPoint","urlTemplate":"https:\/\/www.rcpfm.com\/?s={search_term_string}"},"query-input":{"@type":"PropertyValueSpecification","valueRequired":true,"valueName":"search_term_string"}}],"inLanguage":"pt-PT"},{"@type":"Organization","@id":"https:\/\/www.rcpfm.com\/#organization","name":"RCP - R\u00e1dio Clube da Pampilhosa, CRL","url":"https:\/\/www.rcpfm.com\/","logo":{"@type":"ImageObject","inLanguage":"pt-PT","@id":"https:\/\/www.rcpfm.com\/#\/schema\/logo\/image\/","url":"https:\/\/www.rcpfm.com\/wp-content\/uploads\/2022\/08\/cropped-My-project-100.png","contentUrl":"https:\/\/www.rcpfm.com\/wp-content\/uploads\/2022\/08\/cropped-My-project-100.png","width":101,"height":50,"caption":"RCP - R\u00e1dio Clube da Pampilhosa, CRL"},"image":{"@id":"https:\/\/www.rcpfm.com\/#\/schema\/logo\/image\/"}}]}},"uagb_featured_image_src":{"full":false,"thumbnail":false,"medium":false,"medium_large":false,"large":false,"1536x1536":false,"2048x2048":false,"post_slider_layout_landscape_large":false,"post_slider_layout_portrait_large":false,"post_slider_layout_square_large":false,"post_slider_layout_landscape":false,"post_slider_layout_portrait":false,"post_slider_layout_square":false,"post-thumbnail":false,"twentyfourteen-full-width":false,"audioigniter_cover":false},"uagb_author_info":{"display_name":"rcpfmcom-admin","author_link":"https:\/\/www.rcpfm.com\/?author=1"},"uagb_comment_info":0,"uagb_excerpt":"Programa\u00e7\u00e3o semanal De Segunda a Sexta-feira 00:00 \u00e0 01:00 Camara Lenta\u00a0 01:00 \u00e0s 02:00 Indie Frente 02:00 \u00e0s 06:00 Madrugadas 9.2.6\u00a0 06:00 \u00e0s 08:00 C\u00e1 se Fazem, C\u00e1 Se Tocam &#8211; O melhor da M\u00fasica Portuguesa 08:00 \u00e0s 10:00 Sons da Manh\u00e3\u00a0 09:00 Notici\u00e1rio Regional 10:00 as 12:00 Vitamina PT\u00a0 11:30 Meteo 12:00 Notici\u00e1rio Regional&hellip;","_links":{"self":[{"href":"https:\/\/www.rcpfm.com\/index.php?rest_route=\/wp\/v2\/pages\/3013","targetHints":{"allow":["GET"]}}],"collection":[{"href":"https:\/\/www.rcpfm.com\/index.php?rest_route=\/wp\/v2\/pages"}],"about":[{"href":"https:\/\/www.rcpfm.com\/index.php?rest_route=\/wp\/v2\/types\/page"}],"author":[{"embeddable":true,"href":"https:\/\/www.rcpfm.com\/index.php?rest_route=\/wp\/v2\/users\/1"}],"replies":[{"embeddable":true,"href":"https:\/\/www.rcpfm.com\/index.php?rest_route=%2Fwp%2Fv2%2Fcomments&post=3013"}],"version-history":[{"count":87,"href":"https:\/\/www.rcpfm.com\/index.php?rest_route=\/wp\/v2\/pages\/3013\/revisions"}],"predecessor-version":[{"id":3730,"href":"https:\/\/www.rcpfm.com\/index.php?rest_route=\/wp\/v2\/pages\/3013\/revisions\/3730"}],"wp:attachment":[{"href":"https:\/\/www.rcpfm.com\/index.php?rest_route=%2Fwp%2Fv2%2Fmedia&parent=3013"}],"curies":[{"name":"wp","href":"https:\/\/api.w.org\/{rel}","templated":true}]}}