{"id":2686,"date":"2022-07-31T17:37:58","date_gmt":"2022-07-31T17:37:58","guid":{"rendered":"https:\/\/www.rcpfm.com\/?page_id=2686"},"modified":"2025-04-28T23:09:20","modified_gmt":"2025-04-28T23:09:20","slug":"empresa","status":"publish","type":"page","link":"https:\/\/www.rcpfm.com\/?page_id=2686","title":{"rendered":"Empresa"},"content":{"rendered":"<p><strong>Cooperativa R\u00e1dio Clube da Pampilhosa<\/strong><\/p>\n<p><strong>Entidade Propriet\u00e1ria do Alvar\u00e1: COOPERATIVA DE RADIODIFUS\u00c3O, CULTURA E RECREIO DA PAMPILHOSA, CRL<\/strong><\/p>\n<p>N.\u00ba Registo na ERC:\u00a0 423060<\/p>\n<p>ANACOM: N.\u00ba Licen\u00e7a Servi\u00e7o de Radiodifus\u00e3o \u2013\u00a0<b>\u00a0 \u00a0<\/b>\u00a0 | Servi\u00e7o Fixo\u00a0 : 20358\u00a0 \u00a0 | Liga\u00e7\u00e3o hertziana :\u00a0 504826<\/p>\n<p>NIF: 502386924<\/p>\n<p>CAE: 60100<\/p>\n<p>Capital Social: 24 871,69\u20ac<\/p>\n<p>Data da Constitui\u00e7\u00e3o: 12\/06\/1989<\/p>\n<p>Forma Jur\u00eddica: Cooperativa<\/p>\n<p>Inscrita na Conservat\u00f3ria do Registo Comercial de Mealhada<\/p>\n<p>Sede, Reda\u00e7\u00e3o e Administra\u00e7\u00e3o:\u00a0\u00a0|\u00a0\u00a03050-439 Pampilhosa<\/p>\n<p>Atividade: Atividades de Informa\u00e7\u00e3o e de Comunica\u00e7\u00e3o<\/p>\n<p>Categoria: Atividade de R\u00e1dio<\/p>\n<p>S\u00f3cia da APR<\/p>\n<p><i>Diretor de Programa\u00e7\u00e3o: Jo\u00e3o Paulo Tom\u00e9<\/i><\/p>\n<p><i>Diretor de Informa\u00e7\u00e3o:\u00a0<\/i><\/p>\n","protected":false},"excerpt":{"rendered":"<p>Cooperativa R\u00e1dio Clube da Pampilhosa Entidade Propriet\u00e1ria do Alvar\u00e1: COOPERATIVA DE RADIODIFUS\u00c3O, CULTURA E RECREIO DA PAMPILHOSA, CRL N.\u00ba Registo na ERC:\u00a0 423060 ANACOM: N.\u00ba Licen\u00e7a Servi\u00e7o de Radiodifus\u00e3o \u2013\u00a0\u00a0 \u00a0\u00a0 | Servi\u00e7o Fixo\u00a0 : 20358\u00a0 \u00a0 | Liga\u00e7\u00e3o hertziana :\u00a0 504826 NIF: 502386924 CAE: 60100 Capital Social: 24 871,69\u20ac Data da Constitui\u00e7\u00e3o: 12\/06\/1989 Forma Jur\u00eddica: Cooperativa Inscrita na Conservat\u00f3ria do Registo Comercial de Mealhada Sede, Reda\u00e7\u00e3o e Administra\u00e7\u00e3o:\u00a0\u00a0|\u00a0\u00a03050-439 Pampilhosa Atividade: Atividades de Informa\u00e7\u00e3o e de Comunica\u00e7\u00e3o Categoria: Atividade de R\u00e1dio S\u00f3cia da APR Diretor de Programa\u00e7\u00e3o: Jo\u00e3o Paulo Tom\u00e9 Diretor de Informa\u00e7\u00e3o:\u00a0<\/p>\n","protected":false},"author":1,"featured_media":0,"parent":0,"menu_order":0,"comment_status":"closed","ping_status":"closed","template":"","meta":{"_regular_price":[],"currency_symbol":[],"_uag_custom_page_level_css":"","footnotes":""},"class_list":["post-2686","page","type-page","status-publish","hentry"],"post_slider_layout_featured_media_urls":{"thumbnail":"","post_slider_layout_landscape_large":"","post_slider_layout_portrait_large":"","post_slider_layout_square_large":"","post_slider_layout_landscape":"","post_slider_layout_portrait":"","post_slider_layout_square":"","full":""},"yoast_head":"<!-- This site is optimized with the Yoast SEO plugin v25.4 - https:\/\/yoast.com\/wordpress\/plugins\/seo\/ -->\n<title>Empresa - RCP - R\u00e1dio Clube da Pampilhosa, CRL<\/title>\n<meta name=\"robots\" content=\"index, follow, max-snippet:-1, max-image-preview:large, max-video-preview:-1\" \/>\n<link rel=\"canonical\" href=\"https:\/\/www.rcpfm.com\/?page_id=2686\" \/>\n<meta property=\"og:locale\" content=\"pt_PT\" \/>\n<meta property=\"og:type\" content=\"article\" \/>\n<meta property=\"og:title\" content=\"Empresa - RCP - R\u00e1dio Clube da Pampilhosa, CRL\" \/>\n<meta property=\"og:description\" content=\"Cooperativa R\u00e1dio Clube da Pampilhosa Entidade Propriet\u00e1ria do Alvar\u00e1: COOPERATIVA DE RADIODIFUS\u00c3O, CULTURA E RECREIO DA PAMPILHOSA, CRL N.\u00ba Registo na ERC:\u00a0 423060 ANACOM: N.\u00ba Licen\u00e7a Servi\u00e7o de Radiodifus\u00e3o \u2013\u00a0\u00a0 \u00a0\u00a0 | Servi\u00e7o Fixo\u00a0 : 20358\u00a0 \u00a0 | Liga\u00e7\u00e3o hertziana :\u00a0 504826 NIF: 502386924 CAE: 60100 Capital Social: 24 871,69\u20ac Data da Constitui\u00e7\u00e3o: 12\/06\/1989 Forma Jur\u00eddica: Cooperativa Inscrita na Conservat\u00f3ria do Registo Comercial de Mealhada Sede, Reda\u00e7\u00e3o e Administra\u00e7\u00e3o:\u00a0\u00a0|\u00a0\u00a03050-439 Pampilhosa Atividade: Atividades de Informa\u00e7\u00e3o e de Comunica\u00e7\u00e3o Categoria: Atividade de R\u00e1dio S\u00f3cia da APR Diretor de Programa\u00e7\u00e3o: Jo\u00e3o Paulo Tom\u00e9 Diretor de Informa\u00e7\u00e3o:\u00a0\" \/>\n<meta property=\"og:url\" content=\"https:\/\/www.rcpfm.com\/?page_id=2686\" \/>\n<meta property=\"og:site_name\" content=\"RCP - R\u00e1dio Clube da Pampilhosa, CRL\" \/>\n<meta property=\"article:modified_time\" content=\"2025-04-28T23:09:20+00:00\" \/>\n<meta name=\"twitter:card\" content=\"summary_large_image\" \/>\n<meta name=\"twitter:label1\" content=\"Tempo estimado de leitura\" \/>\n\t<meta name=\"twitter:data1\" content=\"1 minuto\" \/>\n<script type=\"application\/ld+json\" class=\"yoast-schema-graph\">{\"@context\":\"https:\/\/schema.org\",\"@graph\":[{\"@type\":\"WebPage\",\"@id\":\"https:\/\/www.rcpfm.com\/?page_id=2686\",\"url\":\"https:\/\/www.rcpfm.com\/?page_id=2686\",\"name\":\"Empresa - RCP - R\u00e1dio Clube da Pampilhosa, CRL\",\"isPartOf\":{\"@id\":\"https:\/\/www.rcpfm.com\/#website\"},\"datePublished\":\"2022-07-31T17:37:58+00:00\",\"dateModified\":\"2025-04-28T23:09:20+00:00\",\"breadcrumb\":{\"@id\":\"https:\/\/www.rcpfm.com\/?page_id=2686#breadcrumb\"},\"inLanguage\":\"pt-PT\",\"potentialAction\":[{\"@type\":\"ReadAction\",\"target\":[\"https:\/\/www.rcpfm.com\/?page_id=2686\"]}]},{\"@type\":\"BreadcrumbList\",\"@id\":\"https:\/\/www.rcpfm.com\/?page_id=2686#breadcrumb\",\"itemListElement\":[{\"@type\":\"ListItem\",\"position\":1,\"name\":\"In\u00edcio\",\"item\":\"https:\/\/www.rcpfm.com\/\"},{\"@type\":\"ListItem\",\"position\":2,\"name\":\"Empresa\"}]},{\"@type\":\"WebSite\",\"@id\":\"https:\/\/www.rcpfm.com\/#website\",\"url\":\"https:\/\/www.rcpfm.com\/\",\"name\":\"RCP - R\u00e1dio Clube da Pampilhosa, CRL\",\"description\":\"\",\"publisher\":{\"@id\":\"https:\/\/www.rcpfm.com\/#organization\"},\"potentialAction\":[{\"@type\":\"SearchAction\",\"target\":{\"@type\":\"EntryPoint\",\"urlTemplate\":\"https:\/\/www.rcpfm.com\/?s={search_term_string}\"},\"query-input\":{\"@type\":\"PropertyValueSpecification\",\"valueRequired\":true,\"valueName\":\"search_term_string\"}}],\"inLanguage\":\"pt-PT\"},{\"@type\":\"Organization\",\"@id\":\"https:\/\/www.rcpfm.com\/#organization\",\"name\":\"RCP - R\u00e1dio Clube da Pampilhosa, CRL\",\"url\":\"https:\/\/www.rcpfm.com\/\",\"logo\":{\"@type\":\"ImageObject\",\"inLanguage\":\"pt-PT\",\"@id\":\"https:\/\/www.rcpfm.com\/#\/schema\/logo\/image\/\",\"url\":\"https:\/\/www.rcpfm.com\/wp-content\/uploads\/2022\/08\/cropped-My-project-100.png\",\"contentUrl\":\"https:\/\/www.rcpfm.com\/wp-content\/uploads\/2022\/08\/cropped-My-project-100.png\",\"width\":101,\"height\":50,\"caption\":\"RCP - R\u00e1dio Clube da Pampilhosa, CRL\"},\"image\":{\"@id\":\"https:\/\/www.rcpfm.com\/#\/schema\/logo\/image\/\"}}]}<\/script>\n<!-- \/ Yoast SEO plugin. -->","yoast_head_json":{"title":"Empresa - RCP - R\u00e1dio Clube da Pampilhosa, CRL","robots":{"index":"index","follow":"follow","max-snippet":"max-snippet:-1","max-image-preview":"max-image-preview:large","max-video-preview":"max-video-preview:-1"},"canonical":"https:\/\/www.rcpfm.com\/?page_id=2686","og_locale":"pt_PT","og_type":"article","og_title":"Empresa - RCP - R\u00e1dio Clube da Pampilhosa, CRL","og_description":"Cooperativa R\u00e1dio Clube da Pampilhosa Entidade Propriet\u00e1ria do Alvar\u00e1: COOPERATIVA DE RADIODIFUS\u00c3O, CULTURA E RECREIO DA PAMPILHOSA, CRL N.\u00ba Registo na ERC:\u00a0 423060 ANACOM: N.\u00ba Licen\u00e7a Servi\u00e7o de Radiodifus\u00e3o \u2013\u00a0\u00a0 \u00a0\u00a0 | Servi\u00e7o Fixo\u00a0 : 20358\u00a0 \u00a0 | Liga\u00e7\u00e3o hertziana :\u00a0 504826 NIF: 502386924 CAE: 60100 Capital Social: 24 871,69\u20ac Data da Constitui\u00e7\u00e3o: 12\/06\/1989 Forma Jur\u00eddica: Cooperativa Inscrita na Conservat\u00f3ria do Registo Comercial de Mealhada Sede, Reda\u00e7\u00e3o e Administra\u00e7\u00e3o:\u00a0\u00a0|\u00a0\u00a03050-439 Pampilhosa Atividade: Atividades de Informa\u00e7\u00e3o e de Comunica\u00e7\u00e3o Categoria: Atividade de R\u00e1dio S\u00f3cia da APR Diretor de Programa\u00e7\u00e3o: Jo\u00e3o Paulo Tom\u00e9 Diretor de Informa\u00e7\u00e3o:\u00a0","og_url":"https:\/\/www.rcpfm.com\/?page_id=2686","og_site_name":"RCP - R\u00e1dio Clube da Pampilhosa, CRL","article_modified_time":"2025-04-28T23:09:20+00:00","twitter_card":"summary_large_image","twitter_misc":{"Tempo estimado de leitura":"1 minuto"},"schema":{"@context":"https:\/\/schema.org","@graph":[{"@type":"WebPage","@id":"https:\/\/www.rcpfm.com\/?page_id=2686","url":"https:\/\/www.rcpfm.com\/?page_id=2686","name":"Empresa - RCP - R\u00e1dio Clube da Pampilhosa, CRL","isPartOf":{"@id":"https:\/\/www.rcpfm.com\/#website"},"datePublished":"2022-07-31T17:37:58+00:00","dateModified":"2025-04-28T23:09:20+00:00","breadcrumb":{"@id":"https:\/\/www.rcpfm.com\/?page_id=2686#breadcrumb"},"inLanguage":"pt-PT","potentialAction":[{"@type":"ReadAction","target":["https:\/\/www.rcpfm.com\/?page_id=2686"]}]},{"@type":"BreadcrumbList","@id":"https:\/\/www.rcpfm.com\/?page_id=2686#breadcrumb","itemListElement":[{"@type":"ListItem","position":1,"name":"In\u00edcio","item":"https:\/\/www.rcpfm.com\/"},{"@type":"ListItem","position":2,"name":"Empresa"}]},{"@type":"WebSite","@id":"https:\/\/www.rcpfm.com\/#website","url":"https:\/\/www.rcpfm.com\/","name":"RCP - R\u00e1dio Clube da Pampilhosa, CRL","description":"","publisher":{"@id":"https:\/\/www.rcpfm.com\/#organization"},"potentialAction":[{"@type":"SearchAction","target":{"@type":"EntryPoint","urlTemplate":"https:\/\/www.rcpfm.com\/?s={search_term_string}"},"query-input":{"@type":"PropertyValueSpecification","valueRequired":true,"valueName":"search_term_string"}}],"inLanguage":"pt-PT"},{"@type":"Organization","@id":"https:\/\/www.rcpfm.com\/#organization","name":"RCP - R\u00e1dio Clube da Pampilhosa, CRL","url":"https:\/\/www.rcpfm.com\/","logo":{"@type":"ImageObject","inLanguage":"pt-PT","@id":"https:\/\/www.rcpfm.com\/#\/schema\/logo\/image\/","url":"https:\/\/www.rcpfm.com\/wp-content\/uploads\/2022\/08\/cropped-My-project-100.png","contentUrl":"https:\/\/www.rcpfm.com\/wp-content\/uploads\/2022\/08\/cropped-My-project-100.png","width":101,"height":50,"caption":"RCP - R\u00e1dio Clube da Pampilhosa, CRL"},"image":{"@id":"https:\/\/www.rcpfm.com\/#\/schema\/logo\/image\/"}}]}},"uagb_featured_image_src":{"full":false,"thumbnail":false,"medium":false,"medium_large":false,"large":false,"1536x1536":false,"2048x2048":false,"post_slider_layout_landscape_large":false,"post_slider_layout_portrait_large":false,"post_slider_layout_square_large":false,"post_slider_layout_landscape":false,"post_slider_layout_portrait":false,"post_slider_layout_square":false,"post-thumbnail":false,"twentyfourteen-full-width":false,"audioigniter_cover":false},"uagb_author_info":{"display_name":"rcpfmcom-admin","author_link":"https:\/\/www.rcpfm.com\/?author=1"},"uagb_comment_info":0,"uagb_excerpt":"Cooperativa R\u00e1dio Clube da Pampilhosa Entidade Propriet\u00e1ria do Alvar\u00e1: COOPERATIVA DE RADIODIFUS\u00c3O, CULTURA E RECREIO DA PAMPILHOSA, CRL N.\u00ba Registo na ERC:\u00a0 423060 ANACOM: N.\u00ba Licen\u00e7a Servi\u00e7o de Radiodifus\u00e3o \u2013\u00a0\u00a0 \u00a0\u00a0 | Servi\u00e7o Fixo\u00a0 : 20358\u00a0 \u00a0 | Liga\u00e7\u00e3o hertziana :\u00a0 504826 NIF: 502386924 CAE: 60100 Capital Social: 24 871,69\u20ac Data da Constitui\u00e7\u00e3o: 12\/06\/1989 Forma&hellip;","_links":{"self":[{"href":"https:\/\/www.rcpfm.com\/index.php?rest_route=\/wp\/v2\/pages\/2686","targetHints":{"allow":["GET"]}}],"collection":[{"href":"https:\/\/www.rcpfm.com\/index.php?rest_route=\/wp\/v2\/pages"}],"about":[{"href":"https:\/\/www.rcpfm.com\/index.php?rest_route=\/wp\/v2\/types\/page"}],"author":[{"embeddable":true,"href":"https:\/\/www.rcpfm.com\/index.php?rest_route=\/wp\/v2\/users\/1"}],"replies":[{"embeddable":true,"href":"https:\/\/www.rcpfm.com\/index.php?rest_route=%2Fwp%2Fv2%2Fcomments&post=2686"}],"version-history":[{"count":46,"href":"https:\/\/www.rcpfm.com\/index.php?rest_route=\/wp\/v2\/pages\/2686\/revisions"}],"predecessor-version":[{"id":3734,"href":"https:\/\/www.rcpfm.com\/index.php?rest_route=\/wp\/v2\/pages\/2686\/revisions\/3734"}],"wp:attachment":[{"href":"https:\/\/www.rcpfm.com\/index.php?rest_route=%2Fwp%2Fv2%2Fmedia&parent=2686"}],"curies":[{"name":"wp","href":"https:\/\/api.w.org\/{rel}","templated":true}]}}