{"id":2681,"date":"2022-07-31T17:07:20","date_gmt":"2022-07-31T17:07:20","guid":{"rendered":"https:\/\/www.rcpfm.com\/?page_id=2681"},"modified":"2025-01-27T15:28:43","modified_gmt":"2025-01-27T15:28:43","slug":"orgaos-sociais","status":"publish","type":"page","link":"https:\/\/www.rcpfm.com\/?page_id=2681","title":{"rendered":"Org\u00e3os Sociais"},"content":{"rendered":"\t\t<div data-elementor-type=\"wp-page\" data-elementor-id=\"2681\" class=\"elementor elementor-2681\">\n\t\t\t\t\t\t<section class=\"elementor-section elementor-top-section elementor-element elementor-element-770ab9d elementor-section-boxed elementor-section-height-default elementor-section-height-default wpr-particle-no wpr-jarallax-no wpr-parallax-no wpr-sticky-section-no\" data-id=\"770ab9d\" data-element_type=\"section\">\n\t\t\t\t\t\t<div class=\"elementor-container elementor-column-gap-default\">\n\t\t\t\t\t<div class=\"elementor-column elementor-col-100 elementor-top-column elementor-element elementor-element-99a0d53\" data-id=\"99a0d53\" data-element_type=\"column\">\n\t\t\t<div class=\"elementor-widget-wrap elementor-element-populated\">\n\t\t\t\t\t\t<div class=\"elementor-element elementor-element-55c3452 elementor-widget elementor-widget-text-editor\" data-id=\"55c3452\" data-element_type=\"widget\" data-widget_type=\"text-editor.default\">\n\t\t\t\t<div class=\"elementor-widget-container\">\n\t\t\t\t\t\t\t\t\t<p><em><span style=\"color: #333399;\">Bi\u00e9nio 2025\/2026<\/span><\/em><\/p><p><em><span style=\"color: #333399;\">Eleitos em Assembleia Geral de 25 de janeiro de 2025<\/span><\/em><\/p>\t\t\t\t\t\t\t\t<\/div>\n\t\t\t\t<\/div>\n\t\t\t\t\t<\/div>\n\t\t<\/div>\n\t\t\t\t\t<\/div>\n\t\t<\/section>\n\t\t\t\t<section class=\"elementor-section elementor-top-section elementor-element elementor-element-a6ba52b elementor-section-boxed elementor-section-height-default elementor-section-height-default wpr-particle-no wpr-jarallax-no wpr-parallax-no wpr-sticky-section-no\" data-id=\"a6ba52b\" data-element_type=\"section\">\n\t\t\t\t\t\t<div class=\"elementor-container elementor-column-gap-default\">\n\t\t\t\t\t<div class=\"elementor-column elementor-col-100 elementor-top-column elementor-element elementor-element-5642198\" data-id=\"5642198\" data-element_type=\"column\">\n\t\t\t<div class=\"elementor-widget-wrap elementor-element-populated\">\n\t\t\t\t\t\t<div class=\"elementor-element elementor-element-d4ee726 elementor-widget elementor-widget-heading\" data-id=\"d4ee726\" data-element_type=\"widget\" data-widget_type=\"heading.default\">\n\t\t\t\t<div class=\"elementor-widget-container\">\n\t\t\t\t\t<h2 class=\"elementor-heading-title elementor-size-default\">Assembleia Geral<\/h2>\t\t\t\t<\/div>\n\t\t\t\t<\/div>\n\t\t\t\t\t<\/div>\n\t\t<\/div>\n\t\t\t\t\t<\/div>\n\t\t<\/section>\n\t\t\t\t<section class=\"elementor-section elementor-top-section elementor-element elementor-element-f72882e elementor-section-boxed elementor-section-height-default elementor-section-height-default wpr-particle-no wpr-jarallax-no wpr-parallax-no wpr-sticky-section-no\" data-id=\"f72882e\" data-element_type=\"section\">\n\t\t\t\t\t\t<div class=\"elementor-container elementor-column-gap-default\">\n\t\t\t\t\t<div class=\"elementor-column elementor-col-100 elementor-top-column elementor-element elementor-element-3001d89\" data-id=\"3001d89\" data-element_type=\"column\">\n\t\t\t<div class=\"elementor-widget-wrap elementor-element-populated\">\n\t\t\t\t\t\t<div class=\"elementor-element elementor-element-97d4d26 elementor-widget elementor-widget-text-editor\" data-id=\"97d4d26\" data-element_type=\"widget\" data-widget_type=\"text-editor.default\">\n\t\t\t\t<div class=\"elementor-widget-container\">\n\t\t\t\t\t\t\t\t\t<p><span style=\"color: #000000;\">Presidente: Fernando Augusto Fernandes Marques, Cooperante n.\u00ba 8<\/span><\/p><p><span style=\"color: #000000;\">Vice-Presidente: Rui Vasco Ferreira Soares, Cooperante n.\u00ba 24<\/span><\/p><p><span style=\"color: #000000;\">Secret\u00e1rio: Jorge Manuel Santos Dias Coimbra, Cooperante n.\u00ba 2<\/span><\/p>\t\t\t\t\t\t\t\t<\/div>\n\t\t\t\t<\/div>\n\t\t\t\t\t<\/div>\n\t\t<\/div>\n\t\t\t\t\t<\/div>\n\t\t<\/section>\n\t\t\t\t<section class=\"elementor-section elementor-top-section elementor-element elementor-element-c4dfab8 elementor-section-boxed elementor-section-height-default elementor-section-height-default wpr-particle-no wpr-jarallax-no wpr-parallax-no wpr-sticky-section-no\" data-id=\"c4dfab8\" data-element_type=\"section\">\n\t\t\t\t\t\t<div class=\"elementor-container elementor-column-gap-default\">\n\t\t\t\t\t<div class=\"elementor-column elementor-col-100 elementor-top-column elementor-element elementor-element-c6a94f7\" data-id=\"c6a94f7\" data-element_type=\"column\">\n\t\t\t<div class=\"elementor-widget-wrap elementor-element-populated\">\n\t\t\t\t\t\t<div class=\"elementor-element elementor-element-88aa1a6 elementor-widget elementor-widget-heading\" data-id=\"88aa1a6\" data-element_type=\"widget\" data-widget_type=\"heading.default\">\n\t\t\t\t<div class=\"elementor-widget-container\">\n\t\t\t\t\t<h2 class=\"elementor-heading-title elementor-size-default\">Concelho Fiscal<\/h2>\t\t\t\t<\/div>\n\t\t\t\t<\/div>\n\t\t\t\t\t<\/div>\n\t\t<\/div>\n\t\t\t\t\t<\/div>\n\t\t<\/section>\n\t\t\t\t<section class=\"elementor-section elementor-top-section elementor-element elementor-element-90b165e elementor-section-boxed elementor-section-height-default elementor-section-height-default wpr-particle-no wpr-jarallax-no wpr-parallax-no wpr-sticky-section-no\" data-id=\"90b165e\" data-element_type=\"section\">\n\t\t\t\t\t\t<div class=\"elementor-container elementor-column-gap-default\">\n\t\t\t\t\t<div class=\"elementor-column elementor-col-100 elementor-top-column elementor-element elementor-element-f02c9da\" data-id=\"f02c9da\" data-element_type=\"column\">\n\t\t\t<div class=\"elementor-widget-wrap elementor-element-populated\">\n\t\t\t\t\t\t<div class=\"elementor-element elementor-element-5fcfcf0 elementor-widget elementor-widget-text-editor\" data-id=\"5fcfcf0\" data-element_type=\"widget\" data-widget_type=\"text-editor.default\">\n\t\t\t\t<div class=\"elementor-widget-container\">\n\t\t\t\t\t\t\t\t\t<p><span style=\"color: #000000;\">Presidente: Rog\u00e9rio Vieira da Silva, Cooperante n.\u00ba 3<\/span><\/p><p><span style=\"color: #000000;\">Secret\u00e1rio: Jo\u00e3o Pedro Cristina Marques, Cooperante n.\u00ba 102<\/span><\/p><p><span style=\"color: #000000;\">Relator: , Cooperante n.\u00ba\u00a0<\/span><\/p>\t\t\t\t\t\t\t\t<\/div>\n\t\t\t\t<\/div>\n\t\t\t\t\t<\/div>\n\t\t<\/div>\n\t\t\t\t\t<\/div>\n\t\t<\/section>\n\t\t\t\t<section class=\"elementor-section elementor-top-section elementor-element elementor-element-2185d52 elementor-section-boxed elementor-section-height-default elementor-section-height-default wpr-particle-no wpr-jarallax-no wpr-parallax-no wpr-sticky-section-no\" data-id=\"2185d52\" data-element_type=\"section\">\n\t\t\t\t\t\t<div class=\"elementor-container elementor-column-gap-default\">\n\t\t\t\t\t<div class=\"elementor-column elementor-col-100 elementor-top-column elementor-element elementor-element-d9d6171\" data-id=\"d9d6171\" data-element_type=\"column\">\n\t\t\t<div class=\"elementor-widget-wrap elementor-element-populated\">\n\t\t\t\t\t\t<div class=\"elementor-element elementor-element-4d7a40e elementor-widget elementor-widget-heading\" data-id=\"4d7a40e\" data-element_type=\"widget\" data-widget_type=\"heading.default\">\n\t\t\t\t<div class=\"elementor-widget-container\">\n\t\t\t\t\t<h2 class=\"elementor-heading-title elementor-size-default\">Dire\u00e7\u00e3o<\/h2>\t\t\t\t<\/div>\n\t\t\t\t<\/div>\n\t\t\t\t\t<\/div>\n\t\t<\/div>\n\t\t\t\t\t<\/div>\n\t\t<\/section>\n\t\t\t\t<section class=\"elementor-section elementor-top-section elementor-element elementor-element-464d744 elementor-section-boxed elementor-section-height-default elementor-section-height-default wpr-particle-no wpr-jarallax-no wpr-parallax-no wpr-sticky-section-no\" data-id=\"464d744\" data-element_type=\"section\">\n\t\t\t\t\t\t<div class=\"elementor-container elementor-column-gap-default\">\n\t\t\t\t\t<div class=\"elementor-column elementor-col-100 elementor-top-column elementor-element elementor-element-0155a6d\" data-id=\"0155a6d\" data-element_type=\"column\">\n\t\t\t<div class=\"elementor-widget-wrap elementor-element-populated\">\n\t\t\t\t\t\t<div class=\"elementor-element elementor-element-69a2b23 elementor-widget elementor-widget-text-editor\" data-id=\"69a2b23\" data-element_type=\"widget\" data-widget_type=\"text-editor.default\">\n\t\t\t\t<div class=\"elementor-widget-container\">\n\t\t\t\t\t\t\t\t\t<p><span style=\"font-size: 16px; color: #000000;\">Presidente: Jo\u00e3o Paulo Mateus Tom\u00e9, Cooperante n.\u00ba 89<\/span><\/p><p><span style=\"color: #000000;\">Vice-Presidente: Jo\u00e3o Ant\u00f3nio Natividade Bernardo, Cooperante n.\u00ba 90<\/span><\/p><p><span style=\"color: #000000;\">Secret\u00e1ria: Magda Let\u00edcia dos Santos Madeira Bonif\u00e1cio, Cooperante n.\u00ba 9<\/span><\/p><p><span style=\"color: #000000;\">Tesoureira: Odete Isabel Rodrigues Pereira, Cooperante n.\u00ba 94<\/span><\/p><p><span style=\"color: #000000;\">Vogal: GEDEPA, Grupo Etnogr\u00e1fico da Pampilhosa, Cooperante n.\u00ba 40, representado por Cristina Lopes<\/span><\/p><p><span style=\"color: #000000;\">Vogal: Paulo Jorge Rafael da Silva, Cooperante n.\u00ba 32<\/span><\/p>\t\t\t\t\t\t\t\t<\/div>\n\t\t\t\t<\/div>\n\t\t\t\t\t<\/div>\n\t\t<\/div>\n\t\t\t\t\t<\/div>\n\t\t<\/section>\n\t\t\t\t<\/div>\n\t\t","protected":false},"excerpt":{"rendered":"<p>Bi\u00e9nio 2025\/2026 Eleitos em Assembleia Geral de 25 de janeiro de 2025 Assembleia Geral Presidente: Fernando Augusto Fernandes Marques, Cooperante n.\u00ba 8 Vice-Presidente: Rui Vasco Ferreira Soares, Cooperante n.\u00ba 24 Secret\u00e1rio: Jorge Manuel Santos Dias Coimbra, Cooperante n.\u00ba 2 Concelho Fiscal Presidente: Rog\u00e9rio Vieira da Silva, Cooperante n.\u00ba 3 Secret\u00e1rio: Jo\u00e3o Pedro Cristina Marques, Cooperante n.\u00ba 102 Relator: , Cooperante n.\u00ba\u00a0 Dire\u00e7\u00e3o Presidente: Jo\u00e3o Paulo Mateus Tom\u00e9, Cooperante n.\u00ba 89 Vice-Presidente: Jo\u00e3o Ant\u00f3nio Natividade Bernardo, Cooperante n.\u00ba 90 Secret\u00e1ria: Magda Let\u00edcia dos Santos Madeira Bonif\u00e1cio, Cooperante n.\u00ba 9 Tesoureira: Odete Isabel Rodrigues Pereira, Cooperante n.\u00ba 94 Vogal: GEDEPA, Grupo Etnogr\u00e1fico da Pampilhosa, Cooperante n.\u00ba 40, representado por Cristina Lopes Vogal: Paulo Jorge Rafael da Silva, Cooperante n.\u00ba 32<\/p>\n","protected":false},"author":1,"featured_media":0,"parent":0,"menu_order":0,"comment_status":"closed","ping_status":"closed","template":"","meta":{"_regular_price":[],"currency_symbol":[],"_uag_custom_page_level_css":"","footnotes":""},"class_list":["post-2681","page","type-page","status-publish","hentry"],"post_slider_layout_featured_media_urls":{"thumbnail":"","post_slider_layout_landscape_large":"","post_slider_layout_portrait_large":"","post_slider_layout_square_large":"","post_slider_layout_landscape":"","post_slider_layout_portrait":"","post_slider_layout_square":"","full":""},"yoast_head":"<!-- This site is optimized with the Yoast SEO plugin v25.4 - https:\/\/yoast.com\/wordpress\/plugins\/seo\/ -->\n<title>Org\u00e3os Sociais - RCP - R\u00e1dio Clube da Pampilhosa, CRL<\/title>\n<meta name=\"robots\" content=\"index, follow, max-snippet:-1, max-image-preview:large, max-video-preview:-1\" \/>\n<link rel=\"canonical\" href=\"https:\/\/www.rcpfm.com\/?page_id=2681\" \/>\n<meta property=\"og:locale\" content=\"pt_PT\" \/>\n<meta property=\"og:type\" content=\"article\" \/>\n<meta property=\"og:title\" content=\"Org\u00e3os Sociais - RCP - R\u00e1dio Clube da Pampilhosa, CRL\" \/>\n<meta property=\"og:description\" content=\"Bi\u00e9nio 2025\/2026 Eleitos em Assembleia Geral de 25 de janeiro de 2025 Assembleia Geral Presidente: Fernando Augusto Fernandes Marques, Cooperante n.\u00ba 8 Vice-Presidente: Rui Vasco Ferreira Soares, Cooperante n.\u00ba 24 Secret\u00e1rio: Jorge Manuel Santos Dias Coimbra, Cooperante n.\u00ba 2 Concelho Fiscal Presidente: Rog\u00e9rio Vieira da Silva, Cooperante n.\u00ba 3 Secret\u00e1rio: Jo\u00e3o Pedro Cristina Marques, Cooperante n.\u00ba 102 Relator: , Cooperante n.\u00ba\u00a0 Dire\u00e7\u00e3o Presidente: Jo\u00e3o Paulo Mateus Tom\u00e9, Cooperante n.\u00ba 89 Vice-Presidente: Jo\u00e3o Ant\u00f3nio Natividade Bernardo, Cooperante n.\u00ba 90 Secret\u00e1ria: Magda Let\u00edcia dos Santos Madeira Bonif\u00e1cio, Cooperante n.\u00ba 9 Tesoureira: Odete Isabel Rodrigues Pereira, Cooperante n.\u00ba 94 Vogal: GEDEPA, Grupo Etnogr\u00e1fico da Pampilhosa, Cooperante n.\u00ba 40, representado por Cristina Lopes Vogal: Paulo Jorge Rafael da Silva, Cooperante n.\u00ba 32\" \/>\n<meta property=\"og:url\" content=\"https:\/\/www.rcpfm.com\/?page_id=2681\" \/>\n<meta property=\"og:site_name\" content=\"RCP - R\u00e1dio Clube da Pampilhosa, CRL\" \/>\n<meta property=\"article:modified_time\" content=\"2025-01-27T15:28:43+00:00\" \/>\n<meta name=\"twitter:card\" content=\"summary_large_image\" \/>\n<meta name=\"twitter:label1\" content=\"Tempo estimado de leitura\" \/>\n\t<meta name=\"twitter:data1\" content=\"1 minuto\" \/>\n<script type=\"application\/ld+json\" class=\"yoast-schema-graph\">{\"@context\":\"https:\/\/schema.org\",\"@graph\":[{\"@type\":\"WebPage\",\"@id\":\"https:\/\/www.rcpfm.com\/?page_id=2681\",\"url\":\"https:\/\/www.rcpfm.com\/?page_id=2681\",\"name\":\"Org\u00e3os Sociais - RCP - R\u00e1dio Clube da Pampilhosa, CRL\",\"isPartOf\":{\"@id\":\"https:\/\/www.rcpfm.com\/#website\"},\"datePublished\":\"2022-07-31T17:07:20+00:00\",\"dateModified\":\"2025-01-27T15:28:43+00:00\",\"breadcrumb\":{\"@id\":\"https:\/\/www.rcpfm.com\/?page_id=2681#breadcrumb\"},\"inLanguage\":\"pt-PT\",\"potentialAction\":[{\"@type\":\"ReadAction\",\"target\":[\"https:\/\/www.rcpfm.com\/?page_id=2681\"]}]},{\"@type\":\"BreadcrumbList\",\"@id\":\"https:\/\/www.rcpfm.com\/?page_id=2681#breadcrumb\",\"itemListElement\":[{\"@type\":\"ListItem\",\"position\":1,\"name\":\"In\u00edcio\",\"item\":\"https:\/\/www.rcpfm.com\/\"},{\"@type\":\"ListItem\",\"position\":2,\"name\":\"Org\u00e3os Sociais\"}]},{\"@type\":\"WebSite\",\"@id\":\"https:\/\/www.rcpfm.com\/#website\",\"url\":\"https:\/\/www.rcpfm.com\/\",\"name\":\"RCP - R\u00e1dio Clube da Pampilhosa, CRL\",\"description\":\"\",\"publisher\":{\"@id\":\"https:\/\/www.rcpfm.com\/#organization\"},\"potentialAction\":[{\"@type\":\"SearchAction\",\"target\":{\"@type\":\"EntryPoint\",\"urlTemplate\":\"https:\/\/www.rcpfm.com\/?s={search_term_string}\"},\"query-input\":{\"@type\":\"PropertyValueSpecification\",\"valueRequired\":true,\"valueName\":\"search_term_string\"}}],\"inLanguage\":\"pt-PT\"},{\"@type\":\"Organization\",\"@id\":\"https:\/\/www.rcpfm.com\/#organization\",\"name\":\"RCP - R\u00e1dio Clube da Pampilhosa, CRL\",\"url\":\"https:\/\/www.rcpfm.com\/\",\"logo\":{\"@type\":\"ImageObject\",\"inLanguage\":\"pt-PT\",\"@id\":\"https:\/\/www.rcpfm.com\/#\/schema\/logo\/image\/\",\"url\":\"https:\/\/www.rcpfm.com\/wp-content\/uploads\/2022\/08\/cropped-My-project-100.png\",\"contentUrl\":\"https:\/\/www.rcpfm.com\/wp-content\/uploads\/2022\/08\/cropped-My-project-100.png\",\"width\":101,\"height\":50,\"caption\":\"RCP - R\u00e1dio Clube da Pampilhosa, CRL\"},\"image\":{\"@id\":\"https:\/\/www.rcpfm.com\/#\/schema\/logo\/image\/\"}}]}<\/script>\n<!-- \/ Yoast SEO plugin. -->","yoast_head_json":{"title":"Org\u00e3os Sociais - RCP - R\u00e1dio Clube da Pampilhosa, CRL","robots":{"index":"index","follow":"follow","max-snippet":"max-snippet:-1","max-image-preview":"max-image-preview:large","max-video-preview":"max-video-preview:-1"},"canonical":"https:\/\/www.rcpfm.com\/?page_id=2681","og_locale":"pt_PT","og_type":"article","og_title":"Org\u00e3os Sociais - RCP - R\u00e1dio Clube da Pampilhosa, CRL","og_description":"Bi\u00e9nio 2025\/2026 Eleitos em Assembleia Geral de 25 de janeiro de 2025 Assembleia Geral Presidente: Fernando Augusto Fernandes Marques, Cooperante n.\u00ba 8 Vice-Presidente: Rui Vasco Ferreira Soares, Cooperante n.\u00ba 24 Secret\u00e1rio: Jorge Manuel Santos Dias Coimbra, Cooperante n.\u00ba 2 Concelho Fiscal Presidente: Rog\u00e9rio Vieira da Silva, Cooperante n.\u00ba 3 Secret\u00e1rio: Jo\u00e3o Pedro Cristina Marques, Cooperante n.\u00ba 102 Relator: , Cooperante n.\u00ba\u00a0 Dire\u00e7\u00e3o Presidente: Jo\u00e3o Paulo Mateus Tom\u00e9, Cooperante n.\u00ba 89 Vice-Presidente: Jo\u00e3o Ant\u00f3nio Natividade Bernardo, Cooperante n.\u00ba 90 Secret\u00e1ria: Magda Let\u00edcia dos Santos Madeira Bonif\u00e1cio, Cooperante n.\u00ba 9 Tesoureira: Odete Isabel Rodrigues Pereira, Cooperante n.\u00ba 94 Vogal: GEDEPA, Grupo Etnogr\u00e1fico da Pampilhosa, Cooperante n.\u00ba 40, representado por Cristina Lopes Vogal: Paulo Jorge Rafael da Silva, Cooperante n.\u00ba 32","og_url":"https:\/\/www.rcpfm.com\/?page_id=2681","og_site_name":"RCP - R\u00e1dio Clube da Pampilhosa, CRL","article_modified_time":"2025-01-27T15:28:43+00:00","twitter_card":"summary_large_image","twitter_misc":{"Tempo estimado de leitura":"1 minuto"},"schema":{"@context":"https:\/\/schema.org","@graph":[{"@type":"WebPage","@id":"https:\/\/www.rcpfm.com\/?page_id=2681","url":"https:\/\/www.rcpfm.com\/?page_id=2681","name":"Org\u00e3os Sociais - RCP - R\u00e1dio Clube da Pampilhosa, CRL","isPartOf":{"@id":"https:\/\/www.rcpfm.com\/#website"},"datePublished":"2022-07-31T17:07:20+00:00","dateModified":"2025-01-27T15:28:43+00:00","breadcrumb":{"@id":"https:\/\/www.rcpfm.com\/?page_id=2681#breadcrumb"},"inLanguage":"pt-PT","potentialAction":[{"@type":"ReadAction","target":["https:\/\/www.rcpfm.com\/?page_id=2681"]}]},{"@type":"BreadcrumbList","@id":"https:\/\/www.rcpfm.com\/?page_id=2681#breadcrumb","itemListElement":[{"@type":"ListItem","position":1,"name":"In\u00edcio","item":"https:\/\/www.rcpfm.com\/"},{"@type":"ListItem","position":2,"name":"Org\u00e3os Sociais"}]},{"@type":"WebSite","@id":"https:\/\/www.rcpfm.com\/#website","url":"https:\/\/www.rcpfm.com\/","name":"RCP - R\u00e1dio Clube da Pampilhosa, CRL","description":"","publisher":{"@id":"https:\/\/www.rcpfm.com\/#organization"},"potentialAction":[{"@type":"SearchAction","target":{"@type":"EntryPoint","urlTemplate":"https:\/\/www.rcpfm.com\/?s={search_term_string}"},"query-input":{"@type":"PropertyValueSpecification","valueRequired":true,"valueName":"search_term_string"}}],"inLanguage":"pt-PT"},{"@type":"Organization","@id":"https:\/\/www.rcpfm.com\/#organization","name":"RCP - R\u00e1dio Clube da Pampilhosa, CRL","url":"https:\/\/www.rcpfm.com\/","logo":{"@type":"ImageObject","inLanguage":"pt-PT","@id":"https:\/\/www.rcpfm.com\/#\/schema\/logo\/image\/","url":"https:\/\/www.rcpfm.com\/wp-content\/uploads\/2022\/08\/cropped-My-project-100.png","contentUrl":"https:\/\/www.rcpfm.com\/wp-content\/uploads\/2022\/08\/cropped-My-project-100.png","width":101,"height":50,"caption":"RCP - R\u00e1dio Clube da Pampilhosa, CRL"},"image":{"@id":"https:\/\/www.rcpfm.com\/#\/schema\/logo\/image\/"}}]}},"uagb_featured_image_src":{"full":false,"thumbnail":false,"medium":false,"medium_large":false,"large":false,"1536x1536":false,"2048x2048":false,"post_slider_layout_landscape_large":false,"post_slider_layout_portrait_large":false,"post_slider_layout_square_large":false,"post_slider_layout_landscape":false,"post_slider_layout_portrait":false,"post_slider_layout_square":false,"post-thumbnail":false,"twentyfourteen-full-width":false,"audioigniter_cover":false},"uagb_author_info":{"display_name":"rcpfmcom-admin","author_link":"https:\/\/www.rcpfm.com\/?author=1"},"uagb_comment_info":0,"uagb_excerpt":"Bi\u00e9nio 2025\/2026 Eleitos em Assembleia Geral de 25 de janeiro de 2025 Assembleia Geral Presidente: Fernando Augusto Fernandes Marques, Cooperante n.\u00ba 8 Vice-Presidente: Rui Vasco Ferreira Soares, Cooperante n.\u00ba 24 Secret\u00e1rio: Jorge Manuel Santos Dias Coimbra, Cooperante n.\u00ba 2 Concelho Fiscal Presidente: Rog\u00e9rio Vieira da Silva, Cooperante n.\u00ba 3 Secret\u00e1rio: Jo\u00e3o Pedro Cristina Marques, Cooperante&hellip;","_links":{"self":[{"href":"https:\/\/www.rcpfm.com\/index.php?rest_route=\/wp\/v2\/pages\/2681","targetHints":{"allow":["GET"]}}],"collection":[{"href":"https:\/\/www.rcpfm.com\/index.php?rest_route=\/wp\/v2\/pages"}],"about":[{"href":"https:\/\/www.rcpfm.com\/index.php?rest_route=\/wp\/v2\/types\/page"}],"author":[{"embeddable":true,"href":"https:\/\/www.rcpfm.com\/index.php?rest_route=\/wp\/v2\/users\/1"}],"replies":[{"embeddable":true,"href":"https:\/\/www.rcpfm.com\/index.php?rest_route=%2Fwp%2Fv2%2Fcomments&post=2681"}],"version-history":[{"count":31,"href":"https:\/\/www.rcpfm.com\/index.php?rest_route=\/wp\/v2\/pages\/2681\/revisions"}],"predecessor-version":[{"id":3726,"href":"https:\/\/www.rcpfm.com\/index.php?rest_route=\/wp\/v2\/pages\/2681\/revisions\/3726"}],"wp:attachment":[{"href":"https:\/\/www.rcpfm.com\/index.php?rest_route=%2Fwp%2Fv2%2Fmedia&parent=2681"}],"curies":[{"name":"wp","href":"https:\/\/api.w.org\/{rel}","templated":true}]}}