{"id":2620,"date":"2022-07-31T15:36:25","date_gmt":"2022-07-31T15:36:25","guid":{"rendered":"https:\/\/www.rcpfm.com\/?page_id=2620"},"modified":"2023-05-22T08:14:52","modified_gmt":"2023-05-22T08:14:52","slug":"estatuto-editorial","status":"publish","type":"page","link":"https:\/\/www.rcpfm.com\/?page_id=2620","title":{"rendered":"Estatuto Editorial"},"content":{"rendered":"\t\t<div data-elementor-type=\"wp-page\" data-elementor-id=\"2620\" class=\"elementor elementor-2620\">\n\t\t\t\t\t\t<section class=\"elementor-section elementor-top-section elementor-element elementor-element-545d7a6 elementor-section-boxed elementor-section-height-default elementor-section-height-default wpr-particle-no wpr-jarallax-no wpr-parallax-no wpr-sticky-section-no\" data-id=\"545d7a6\" data-element_type=\"section\">\n\t\t\t\t\t\t<div class=\"elementor-container elementor-column-gap-default\">\n\t\t\t\t\t<div class=\"elementor-column elementor-col-100 elementor-top-column elementor-element elementor-element-495daf7\" data-id=\"495daf7\" data-element_type=\"column\">\n\t\t\t<div class=\"elementor-widget-wrap elementor-element-populated\">\n\t\t\t\t\t\t<div class=\"elementor-element elementor-element-cd8dfb8 elementor-widget elementor-widget-text-editor\" data-id=\"cd8dfb8\" data-element_type=\"widget\" data-widget_type=\"text-editor.default\">\n\t\t\t\t<div class=\"elementor-widget-container\">\n\t\t\t\t\t\t\t\t\t<p>Estatuto Editorial.<\/p>\n<p>&nbsp;A RCP FM 92.6 reger-se-\u00e1 sempre pelo direito dos cidad\u00e3os a informar e serem informados e procurarem, em liberdade e no pluralismo, o esclarecimento de que necessitam para o exerc\u00edcio das suas op\u00e7\u00f5es.<\/p>\n<p>&nbsp;A RCP FM 92.6 manter-se-\u00e1 sempre independente face ao poder pol\u00edtico, econ\u00f3mico e religioso.<\/p>\n<p>&nbsp;A RCP FM 92.6 n\u00e3o renunciar\u00e1 ao seu direito de informar e criticar, e ter\u00e1 apenas como limites os que decorrem da \u00e9tica e deontologia dos meios de comunica\u00e7\u00e3o social.<\/p>\n<p>A RCP FM 92.6 distinguir\u00e1 claramente entre as not\u00edcias \u2013 que dever\u00e3o ser,&nbsp;tanto quanto poss\u00edvel, objetivas, circunscrevendo-se \u00e0 narra\u00e7\u00e3o, relaciona\u00e7\u00e3o e&nbsp;an\u00e1lise dos factos \u2013 e as opini\u00f5es, cujos defensores dever\u00e3o ser claramente&nbsp;identificados e cuja divulga\u00e7\u00e3o dever\u00e1 seguir o crit\u00e9rio do pluralismo.<\/p>\n<p>&nbsp;O crit\u00e9rio de sele\u00e7\u00e3o do material informativo e do destaque a conceder-lhe n\u00e3o ser\u00e1 o das convic\u00e7\u00f5es pol\u00edtico-ideol\u00f3gicas de quem decide, mas o da import\u00e2ncia jornal\u00edstica desse material.<\/p>\n<p>&nbsp;A RCP FM 92.6 estar\u00e1, sobretudo, atenta e dispon\u00edvel para a divulga\u00e7\u00e3o dos acontecimentos e iniciativas de \u00e2mbito local e regional, com a finalidade de contribuir para o desenvolvimento da regi\u00e3o e para a afirma\u00e7\u00e3o da sua identidade sociocultural.<\/p>\n<p>&nbsp;A RCP FM 92.6 evitar\u00e1 recorrer ao esc\u00e2ndalo e ao sensacionalismo, capazes de aumentarem a audi\u00eancia, mas que poriam em risco a qualidade que se pretende manter.<\/p>\n<p>&nbsp;Respeitar-se-\u00e3o sobretudo os ouvintes que, certamente, aceitar\u00e3o e desculpar\u00e3o os erros, mas que seguramente n\u00e3o perdoariam se, por a\u00e7\u00e3o ou omiss\u00e3o, fossem enganados ou abusassem da sua boa f\u00e9.<\/p>\n<p>&nbsp;A RCP FM 92.6 proporcionar\u00e1 o recreio e o entretenimento, mas contribuindo para a educa\u00e7\u00e3o da sensibilidade e gosto art\u00edstico.<\/p>\t\t\t\t\t\t\t\t<\/div>\n\t\t\t\t<\/div>\n\t\t\t\t\t<\/div>\n\t\t<\/div>\n\t\t\t\t\t<\/div>\n\t\t<\/section>\n\t\t\t\t<\/div>\n\t\t","protected":false},"excerpt":{"rendered":"<p>Estatuto Editorial. &nbsp;A RCP FM 92.6 reger-se-\u00e1 sempre pelo direito dos cidad\u00e3os a informar e serem informados e procurarem, em liberdade e no pluralismo, o esclarecimento de que necessitam para o exerc\u00edcio das suas op\u00e7\u00f5es. &nbsp;A RCP FM 92.6 manter-se-\u00e1 sempre independente face ao poder pol\u00edtico, econ\u00f3mico e religioso. &nbsp;A RCP FM 92.6 n\u00e3o renunciar\u00e1 ao seu direito de informar e criticar, e ter\u00e1 apenas como limites os que decorrem da \u00e9tica e deontologia dos meios de comunica\u00e7\u00e3o social. A RCP FM 92.6 distinguir\u00e1 claramente entre as not\u00edcias \u2013 que dever\u00e3o ser,&nbsp;tanto quanto poss\u00edvel, objetivas, circunscrevendo-se \u00e0 narra\u00e7\u00e3o, relaciona\u00e7\u00e3o e&nbsp;an\u00e1lise dos factos \u2013 e as opini\u00f5es, cujos defensores dever\u00e3o ser claramente&nbsp;identificados e cuja divulga\u00e7\u00e3o dever\u00e1 seguir o crit\u00e9rio do pluralismo. &nbsp;O crit\u00e9rio de sele\u00e7\u00e3o do material informativo e do destaque a conceder-lhe n\u00e3o ser\u00e1 o das convic\u00e7\u00f5es pol\u00edtico-ideol\u00f3gicas de quem decide, mas o da import\u00e2ncia jornal\u00edstica desse material. &nbsp;A RCP FM 92.6 estar\u00e1, sobretudo, atenta e dispon\u00edvel para a divulga\u00e7\u00e3o dos acontecimentos e iniciativas de \u00e2mbito local e regional, com a finalidade de contribuir para o desenvolvimento da regi\u00e3o e para a afirma\u00e7\u00e3o da sua identidade sociocultural. &nbsp;A RCP FM 92.6 evitar\u00e1 recorrer ao esc\u00e2ndalo e ao sensacionalismo, capazes de aumentarem a audi\u00eancia, mas que poriam em risco a qualidade que se pretende manter. &nbsp;Respeitar-se-\u00e3o sobretudo os ouvintes que, certamente, aceitar\u00e3o e desculpar\u00e3o os erros, mas que seguramente n\u00e3o perdoariam se, por a\u00e7\u00e3o ou omiss\u00e3o, fossem enganados ou abusassem da sua boa f\u00e9. &nbsp;A RCP FM 92.6 proporcionar\u00e1 o recreio e o entretenimento, mas contribuindo para a educa\u00e7\u00e3o da sensibilidade e gosto art\u00edstico.<\/p>\n","protected":false},"author":1,"featured_media":0,"parent":0,"menu_order":0,"comment_status":"closed","ping_status":"closed","template":"","meta":{"_regular_price":[],"currency_symbol":[],"_uag_custom_page_level_css":"","footnotes":""},"class_list":["post-2620","page","type-page","status-publish","hentry"],"post_slider_layout_featured_media_urls":{"thumbnail":"","post_slider_layout_landscape_large":"","post_slider_layout_portrait_large":"","post_slider_layout_square_large":"","post_slider_layout_landscape":"","post_slider_layout_portrait":"","post_slider_layout_square":"","full":""},"yoast_head":"<!-- This site is optimized with the Yoast SEO plugin v25.4 - https:\/\/yoast.com\/wordpress\/plugins\/seo\/ -->\n<title>Estatuto Editorial - RCP - R\u00e1dio Clube da Pampilhosa, CRL<\/title>\n<meta name=\"robots\" content=\"index, follow, max-snippet:-1, max-image-preview:large, max-video-preview:-1\" \/>\n<link rel=\"canonical\" href=\"https:\/\/www.rcpfm.com\/?page_id=2620\" \/>\n<meta property=\"og:locale\" content=\"pt_PT\" \/>\n<meta property=\"og:type\" content=\"article\" \/>\n<meta property=\"og:title\" content=\"Estatuto Editorial - RCP - R\u00e1dio Clube da Pampilhosa, CRL\" \/>\n<meta property=\"og:description\" content=\"Estatuto Editorial. &nbsp;A RCP FM 92.6 reger-se-\u00e1 sempre pelo direito dos cidad\u00e3os a informar e serem informados e procurarem, em liberdade e no pluralismo, o esclarecimento de que necessitam para o exerc\u00edcio das suas op\u00e7\u00f5es. &nbsp;A RCP FM 92.6 manter-se-\u00e1 sempre independente face ao poder pol\u00edtico, econ\u00f3mico e religioso. &nbsp;A RCP FM 92.6 n\u00e3o renunciar\u00e1 ao seu direito de informar e criticar, e ter\u00e1 apenas como limites os que decorrem da \u00e9tica e deontologia dos meios de comunica\u00e7\u00e3o social. A RCP FM 92.6 distinguir\u00e1 claramente entre as not\u00edcias \u2013 que dever\u00e3o ser,&nbsp;tanto quanto poss\u00edvel, objetivas, circunscrevendo-se \u00e0 narra\u00e7\u00e3o, relaciona\u00e7\u00e3o e&nbsp;an\u00e1lise dos factos \u2013 e as opini\u00f5es, cujos defensores dever\u00e3o ser claramente&nbsp;identificados e cuja divulga\u00e7\u00e3o dever\u00e1 seguir o crit\u00e9rio do pluralismo. &nbsp;O crit\u00e9rio de sele\u00e7\u00e3o do material informativo e do destaque a conceder-lhe n\u00e3o ser\u00e1 o das convic\u00e7\u00f5es pol\u00edtico-ideol\u00f3gicas de quem decide, mas o da import\u00e2ncia jornal\u00edstica desse material. &nbsp;A RCP FM 92.6 estar\u00e1, sobretudo, atenta e dispon\u00edvel para a divulga\u00e7\u00e3o dos acontecimentos e iniciativas de \u00e2mbito local e regional, com a finalidade de contribuir para o desenvolvimento da regi\u00e3o e para a afirma\u00e7\u00e3o da sua identidade sociocultural. &nbsp;A RCP FM 92.6 evitar\u00e1 recorrer ao esc\u00e2ndalo e ao sensacionalismo, capazes de aumentarem a audi\u00eancia, mas que poriam em risco a qualidade que se pretende manter. &nbsp;Respeitar-se-\u00e3o sobretudo os ouvintes que, certamente, aceitar\u00e3o e desculpar\u00e3o os erros, mas que seguramente n\u00e3o perdoariam se, por a\u00e7\u00e3o ou omiss\u00e3o, fossem enganados ou abusassem da sua boa f\u00e9. &nbsp;A RCP FM 92.6 proporcionar\u00e1 o recreio e o entretenimento, mas contribuindo para a educa\u00e7\u00e3o da sensibilidade e gosto art\u00edstico.\" \/>\n<meta property=\"og:url\" content=\"https:\/\/www.rcpfm.com\/?page_id=2620\" \/>\n<meta property=\"og:site_name\" content=\"RCP - R\u00e1dio Clube da Pampilhosa, CRL\" \/>\n<meta property=\"article:modified_time\" content=\"2023-05-22T08:14:52+00:00\" \/>\n<meta name=\"twitter:card\" content=\"summary_large_image\" \/>\n<meta name=\"twitter:label1\" content=\"Tempo estimado de leitura\" \/>\n\t<meta name=\"twitter:data1\" content=\"2 minutos\" \/>\n<script type=\"application\/ld+json\" class=\"yoast-schema-graph\">{\"@context\":\"https:\/\/schema.org\",\"@graph\":[{\"@type\":\"WebPage\",\"@id\":\"https:\/\/www.rcpfm.com\/?page_id=2620\",\"url\":\"https:\/\/www.rcpfm.com\/?page_id=2620\",\"name\":\"Estatuto Editorial - RCP - R\u00e1dio Clube da Pampilhosa, CRL\",\"isPartOf\":{\"@id\":\"https:\/\/www.rcpfm.com\/#website\"},\"datePublished\":\"2022-07-31T15:36:25+00:00\",\"dateModified\":\"2023-05-22T08:14:52+00:00\",\"breadcrumb\":{\"@id\":\"https:\/\/www.rcpfm.com\/?page_id=2620#breadcrumb\"},\"inLanguage\":\"pt-PT\",\"potentialAction\":[{\"@type\":\"ReadAction\",\"target\":[\"https:\/\/www.rcpfm.com\/?page_id=2620\"]}]},{\"@type\":\"BreadcrumbList\",\"@id\":\"https:\/\/www.rcpfm.com\/?page_id=2620#breadcrumb\",\"itemListElement\":[{\"@type\":\"ListItem\",\"position\":1,\"name\":\"In\u00edcio\",\"item\":\"https:\/\/www.rcpfm.com\/\"},{\"@type\":\"ListItem\",\"position\":2,\"name\":\"Estatuto Editorial\"}]},{\"@type\":\"WebSite\",\"@id\":\"https:\/\/www.rcpfm.com\/#website\",\"url\":\"https:\/\/www.rcpfm.com\/\",\"name\":\"RCP - R\u00e1dio Clube da Pampilhosa, CRL\",\"description\":\"\",\"publisher\":{\"@id\":\"https:\/\/www.rcpfm.com\/#organization\"},\"potentialAction\":[{\"@type\":\"SearchAction\",\"target\":{\"@type\":\"EntryPoint\",\"urlTemplate\":\"https:\/\/www.rcpfm.com\/?s={search_term_string}\"},\"query-input\":{\"@type\":\"PropertyValueSpecification\",\"valueRequired\":true,\"valueName\":\"search_term_string\"}}],\"inLanguage\":\"pt-PT\"},{\"@type\":\"Organization\",\"@id\":\"https:\/\/www.rcpfm.com\/#organization\",\"name\":\"RCP - R\u00e1dio Clube da Pampilhosa, CRL\",\"url\":\"https:\/\/www.rcpfm.com\/\",\"logo\":{\"@type\":\"ImageObject\",\"inLanguage\":\"pt-PT\",\"@id\":\"https:\/\/www.rcpfm.com\/#\/schema\/logo\/image\/\",\"url\":\"https:\/\/www.rcpfm.com\/wp-content\/uploads\/2022\/08\/cropped-My-project-100.png\",\"contentUrl\":\"https:\/\/www.rcpfm.com\/wp-content\/uploads\/2022\/08\/cropped-My-project-100.png\",\"width\":101,\"height\":50,\"caption\":\"RCP - R\u00e1dio Clube da Pampilhosa, CRL\"},\"image\":{\"@id\":\"https:\/\/www.rcpfm.com\/#\/schema\/logo\/image\/\"}}]}<\/script>\n<!-- \/ Yoast SEO plugin. -->","yoast_head_json":{"title":"Estatuto Editorial - RCP - R\u00e1dio Clube da Pampilhosa, CRL","robots":{"index":"index","follow":"follow","max-snippet":"max-snippet:-1","max-image-preview":"max-image-preview:large","max-video-preview":"max-video-preview:-1"},"canonical":"https:\/\/www.rcpfm.com\/?page_id=2620","og_locale":"pt_PT","og_type":"article","og_title":"Estatuto Editorial - RCP - R\u00e1dio Clube da Pampilhosa, CRL","og_description":"Estatuto Editorial. &nbsp;A RCP FM 92.6 reger-se-\u00e1 sempre pelo direito dos cidad\u00e3os a informar e serem informados e procurarem, em liberdade e no pluralismo, o esclarecimento de que necessitam para o exerc\u00edcio das suas op\u00e7\u00f5es. &nbsp;A RCP FM 92.6 manter-se-\u00e1 sempre independente face ao poder pol\u00edtico, econ\u00f3mico e religioso. &nbsp;A RCP FM 92.6 n\u00e3o renunciar\u00e1 ao seu direito de informar e criticar, e ter\u00e1 apenas como limites os que decorrem da \u00e9tica e deontologia dos meios de comunica\u00e7\u00e3o social. A RCP FM 92.6 distinguir\u00e1 claramente entre as not\u00edcias \u2013 que dever\u00e3o ser,&nbsp;tanto quanto poss\u00edvel, objetivas, circunscrevendo-se \u00e0 narra\u00e7\u00e3o, relaciona\u00e7\u00e3o e&nbsp;an\u00e1lise dos factos \u2013 e as opini\u00f5es, cujos defensores dever\u00e3o ser claramente&nbsp;identificados e cuja divulga\u00e7\u00e3o dever\u00e1 seguir o crit\u00e9rio do pluralismo. &nbsp;O crit\u00e9rio de sele\u00e7\u00e3o do material informativo e do destaque a conceder-lhe n\u00e3o ser\u00e1 o das convic\u00e7\u00f5es pol\u00edtico-ideol\u00f3gicas de quem decide, mas o da import\u00e2ncia jornal\u00edstica desse material. &nbsp;A RCP FM 92.6 estar\u00e1, sobretudo, atenta e dispon\u00edvel para a divulga\u00e7\u00e3o dos acontecimentos e iniciativas de \u00e2mbito local e regional, com a finalidade de contribuir para o desenvolvimento da regi\u00e3o e para a afirma\u00e7\u00e3o da sua identidade sociocultural. &nbsp;A RCP FM 92.6 evitar\u00e1 recorrer ao esc\u00e2ndalo e ao sensacionalismo, capazes de aumentarem a audi\u00eancia, mas que poriam em risco a qualidade que se pretende manter. &nbsp;Respeitar-se-\u00e3o sobretudo os ouvintes que, certamente, aceitar\u00e3o e desculpar\u00e3o os erros, mas que seguramente n\u00e3o perdoariam se, por a\u00e7\u00e3o ou omiss\u00e3o, fossem enganados ou abusassem da sua boa f\u00e9. &nbsp;A RCP FM 92.6 proporcionar\u00e1 o recreio e o entretenimento, mas contribuindo para a educa\u00e7\u00e3o da sensibilidade e gosto art\u00edstico.","og_url":"https:\/\/www.rcpfm.com\/?page_id=2620","og_site_name":"RCP - R\u00e1dio Clube da Pampilhosa, CRL","article_modified_time":"2023-05-22T08:14:52+00:00","twitter_card":"summary_large_image","twitter_misc":{"Tempo estimado de leitura":"2 minutos"},"schema":{"@context":"https:\/\/schema.org","@graph":[{"@type":"WebPage","@id":"https:\/\/www.rcpfm.com\/?page_id=2620","url":"https:\/\/www.rcpfm.com\/?page_id=2620","name":"Estatuto Editorial - RCP - R\u00e1dio Clube da Pampilhosa, CRL","isPartOf":{"@id":"https:\/\/www.rcpfm.com\/#website"},"datePublished":"2022-07-31T15:36:25+00:00","dateModified":"2023-05-22T08:14:52+00:00","breadcrumb":{"@id":"https:\/\/www.rcpfm.com\/?page_id=2620#breadcrumb"},"inLanguage":"pt-PT","potentialAction":[{"@type":"ReadAction","target":["https:\/\/www.rcpfm.com\/?page_id=2620"]}]},{"@type":"BreadcrumbList","@id":"https:\/\/www.rcpfm.com\/?page_id=2620#breadcrumb","itemListElement":[{"@type":"ListItem","position":1,"name":"In\u00edcio","item":"https:\/\/www.rcpfm.com\/"},{"@type":"ListItem","position":2,"name":"Estatuto Editorial"}]},{"@type":"WebSite","@id":"https:\/\/www.rcpfm.com\/#website","url":"https:\/\/www.rcpfm.com\/","name":"RCP - R\u00e1dio Clube da Pampilhosa, CRL","description":"","publisher":{"@id":"https:\/\/www.rcpfm.com\/#organization"},"potentialAction":[{"@type":"SearchAction","target":{"@type":"EntryPoint","urlTemplate":"https:\/\/www.rcpfm.com\/?s={search_term_string}"},"query-input":{"@type":"PropertyValueSpecification","valueRequired":true,"valueName":"search_term_string"}}],"inLanguage":"pt-PT"},{"@type":"Organization","@id":"https:\/\/www.rcpfm.com\/#organization","name":"RCP - R\u00e1dio Clube da Pampilhosa, CRL","url":"https:\/\/www.rcpfm.com\/","logo":{"@type":"ImageObject","inLanguage":"pt-PT","@id":"https:\/\/www.rcpfm.com\/#\/schema\/logo\/image\/","url":"https:\/\/www.rcpfm.com\/wp-content\/uploads\/2022\/08\/cropped-My-project-100.png","contentUrl":"https:\/\/www.rcpfm.com\/wp-content\/uploads\/2022\/08\/cropped-My-project-100.png","width":101,"height":50,"caption":"RCP - R\u00e1dio Clube da Pampilhosa, CRL"},"image":{"@id":"https:\/\/www.rcpfm.com\/#\/schema\/logo\/image\/"}}]}},"uagb_featured_image_src":{"full":false,"thumbnail":false,"medium":false,"medium_large":false,"large":false,"1536x1536":false,"2048x2048":false,"post_slider_layout_landscape_large":false,"post_slider_layout_portrait_large":false,"post_slider_layout_square_large":false,"post_slider_layout_landscape":false,"post_slider_layout_portrait":false,"post_slider_layout_square":false,"post-thumbnail":false,"twentyfourteen-full-width":false,"audioigniter_cover":false},"uagb_author_info":{"display_name":"rcpfmcom-admin","author_link":"https:\/\/www.rcpfm.com\/?author=1"},"uagb_comment_info":0,"uagb_excerpt":"Estatuto Editorial. &nbsp;A RCP FM 92.6 reger-se-\u00e1 sempre pelo direito dos cidad\u00e3os a informar e serem informados e procurarem, em liberdade e no pluralismo, o esclarecimento de que necessitam para o exerc\u00edcio das suas op\u00e7\u00f5es. &nbsp;A RCP FM 92.6 manter-se-\u00e1 sempre independente face ao poder pol\u00edtico, econ\u00f3mico e religioso. &nbsp;A RCP FM 92.6 n\u00e3o renunciar\u00e1&hellip;","_links":{"self":[{"href":"https:\/\/www.rcpfm.com\/index.php?rest_route=\/wp\/v2\/pages\/2620","targetHints":{"allow":["GET"]}}],"collection":[{"href":"https:\/\/www.rcpfm.com\/index.php?rest_route=\/wp\/v2\/pages"}],"about":[{"href":"https:\/\/www.rcpfm.com\/index.php?rest_route=\/wp\/v2\/types\/page"}],"author":[{"embeddable":true,"href":"https:\/\/www.rcpfm.com\/index.php?rest_route=\/wp\/v2\/users\/1"}],"replies":[{"embeddable":true,"href":"https:\/\/www.rcpfm.com\/index.php?rest_route=%2Fwp%2Fv2%2Fcomments&post=2620"}],"version-history":[{"count":20,"href":"https:\/\/www.rcpfm.com\/index.php?rest_route=\/wp\/v2\/pages\/2620\/revisions"}],"predecessor-version":[{"id":3605,"href":"https:\/\/www.rcpfm.com\/index.php?rest_route=\/wp\/v2\/pages\/2620\/revisions\/3605"}],"wp:attachment":[{"href":"https:\/\/www.rcpfm.com\/index.php?rest_route=%2Fwp%2Fv2%2Fmedia&parent=2620"}],"curies":[{"name":"wp","href":"https:\/\/api.w.org\/{rel}","templated":true}]}}